{"id":6373,"date":"2026-02-25T21:03:59","date_gmt":"2026-02-25T20:03:59","guid":{"rendered":"https:\/\/www.unxpected.fr\/?post_type=product&#038;p=6373"},"modified":"2026-02-25T21:39:11","modified_gmt":"2026-02-25T20:39:11","slug":"ardeche-sur-routes-fermees-2026","status":"publish","type":"product","link":"https:\/\/www.unxpected.fr\/en\/evenements\/ardeche-sur-routes-fermees-2026\/","title":{"rendered":"Ard\u00e8che sur routes ferm\u00e9es 2026"},"content":{"rendered":"\t\t<div data-elementor-type=\"product-post\" data-elementor-id=\"6373\" class=\"elementor elementor-6373\" data-elementor-post-type=\"product\">\n\t\t\t\t<div class=\"elementor-element elementor-element-b8f6527 e-flex e-con-boxed e-con e-parent\" data-id=\"b8f6527\" data-element_type=\"container\" data-e-type=\"container\">\n\t\t\t\t\t<div class=\"e-con-inner\">\n\t\t\t\t<div class=\"elementor-element elementor-element-9e8acd7 elementor-widget elementor-widget-text-editor\" data-id=\"9e8acd7\" data-element_type=\"widget\" data-e-type=\"widget\" data-widget_type=\"text-editor.default\">\n\t\t\t\t<div class=\"elementor-widget-container\">\n\t\t\t\t\t\t\t\t\t<p data-start=\"156\" data-end=\"313\">Lors de ce roadtrip,vous profiterez d\u2019un privil\u00e8ge rare : <strong data-start=\"194\" data-end=\"239\">6 km d\u2019asphalte enti\u00e8rement refait \u00e0 neuf<\/strong>, privatis\u00e9s exclusivement pour vous, \u00e0 proximit\u00e9 de <strong data-start=\"292\" data-end=\"312\">M\u00e9jannes-le-Clap<\/strong>.<\/p><p data-start=\"315\" data-end=\"649\">Tout au long de la journ\u00e9e, les sp\u00e9ciales seront parcourues <strong data-start=\"375\" data-end=\"416\">\u00e0 plusieurs reprises, en aller-retour<\/strong>, dans un format inspir\u00e9 de la course de c\u00f4te. L\u2019organisation et le d\u00e9roulement reprennent les standards d\u2019une \u00e9preuve officielle, <strong data-start=\"547\" data-end=\"569\">sans chronom\u00e9trage<\/strong>, laissant place au plaisir de conduite, \u00e0 la pr\u00e9cision et aux sensations pures.<\/p><p data-start=\"651\" data-end=\"828\">Au-del\u00e0 de l\u2019exp\u00e9rience de pilotage, chaque kilom\u00e8tre parcouru par chaque Porsche durant les sessions sera <strong data-start=\"758\" data-end=\"827\">converti en don d\u20191 \u20ac revers\u00e9 \u00e0 l\u2019\u0153uvre des Pupilles des Pompiers<\/strong>.<\/p><p data-start=\"830\" data-end=\"1044\">La s\u00e9curit\u00e9 constitue une priorit\u00e9 absolue. Le dispositif comprend :<br data-start=\"898\" data-end=\"901\" \/>commissaires de piste licenci\u00e9s FFSA, relais radio d\u00e9di\u00e9, extincteurs, d\u00e9panneuse, ambulance, pompiers et m\u00e9decin urgentiste pr\u00e9sents sur site.<\/p><p data-start=\"1046\" data-end=\"1158\">Une journ\u00e9e pens\u00e9e pour exploiter pleinement votre Porsche dans un cadre <strong data-start=\"1119\" data-end=\"1157\">s\u00e9curis\u00e9, ma\u00eetris\u00e9 et exceptionnel<\/strong>.<\/p>\t\t\t\t\t\t\t\t<\/div>\n\t\t\t\t<\/div>\n\t\t\t\t\t<\/div>\n\t\t\t\t<\/div>\n\t\t<div class=\"elementor-element elementor-element-a0ad30c e-con-full e-flex e-con e-parent\" data-id=\"a0ad30c\" data-element_type=\"container\" data-e-type=\"container\">\n\t\t<div class=\"elementor-element elementor-element-2c633da e-con-full e-flex e-con e-child\" data-id=\"2c633da\" data-element_type=\"container\" data-e-type=\"container\" data-settings=\"{&quot;background_background&quot;:&quot;slideshow&quot;,&quot;background_slideshow_gallery&quot;:[{&quot;id&quot;:6376,&quot;url&quot;:&quot;https:\\\/\\\/www.unxpected.fr\\\/wp-content\\\/uploads\\\/2026\\\/02\\\/Gorges-de-la-Jonte-moto.webp&quot;}],&quot;background_slideshow_loop&quot;:&quot;yes&quot;,&quot;background_slideshow_slide_duration&quot;:5000,&quot;background_slideshow_slide_transition&quot;:&quot;fade&quot;,&quot;background_slideshow_transition_duration&quot;:500}\">\n\t\t\t\t<div class=\"elementor-element elementor-element-9e46db5 elementor-widget elementor-widget-spacer\" data-id=\"9e46db5\" data-element_type=\"widget\" data-e-type=\"widget\" data-widget_type=\"spacer.default\">\n\t\t\t\t<div class=\"elementor-widget-container\">\n\t\t\t\t\t\t\t<div class=\"elementor-spacer\">\n\t\t\t<div class=\"elementor-spacer-inner\"><\/div>\n\t\t<\/div>\n\t\t\t\t\t\t<\/div>\n\t\t\t\t<\/div>\n\t\t\t\t<\/div>\n\t\t<div class=\"elementor-element elementor-element-d295e0b e-con-full e-flex e-con e-child\" data-id=\"d295e0b\" data-element_type=\"container\" data-e-type=\"container\">\n\t\t\t\t<div class=\"elementor-element elementor-element-b66862a elementor-widget elementor-widget-heading\" data-id=\"b66862a\" data-element_type=\"widget\" data-e-type=\"widget\" data-widget_type=\"heading.default\">\n\t\t\t\t<div class=\"elementor-widget-container\">\n\t\t\t\t\t<h2 class=\"elementor-heading-title elementor-size-default\">Samedi \u2013 Balade dans les C\u00e9vennes<\/h2>\t\t\t\t<\/div>\n\t\t\t\t<\/div>\n\t\t\t\t<div class=\"elementor-element elementor-element-8b79c08 elementor-widget elementor-widget-text-editor\" data-id=\"8b79c08\" data-element_type=\"widget\" data-e-type=\"widget\" data-widget_type=\"text-editor.default\">\n\t\t\t\t<div class=\"elementor-widget-container\">\n\t\t\t\t\t\t\t\t\t<p data-start=\"527\" data-end=\"740\">Nous ouvrirons ce week-end par une <strong data-start=\"562\" data-end=\"609\">balade spectaculaire \u00e0 travers les C\u00e9vennes<\/strong>. Des routes sinueuses, des panoramas grandioses et ce plaisir unique de rouler en Porsche sur des trac\u00e9s taill\u00e9s pour la conduite.<\/p><p data-start=\"742\" data-end=\"811\">Un moment de partage et de convivialit\u00e9, fid\u00e8le \u00e0 l\u2019esprit Unxpected.<\/p>\t\t\t\t\t\t\t\t<\/div>\n\t\t\t\t<\/div>\n\t\t\t\t<\/div>\n\t\t\t\t<\/div>\n\t\t<div class=\"elementor-element elementor-element-0e0fd17 e-con-full e-flex e-con e-parent\" data-id=\"0e0fd17\" data-element_type=\"container\" data-e-type=\"container\">\n\t\t<div class=\"elementor-element elementor-element-aa08349 e-con-full e-flex e-con e-child\" data-id=\"aa08349\" data-element_type=\"container\" data-e-type=\"container\" data-settings=\"{&quot;background_background&quot;:&quot;slideshow&quot;,&quot;background_slideshow_gallery&quot;:[{&quot;id&quot;:6374,&quot;url&quot;:&quot;https:\\\/\\\/www.unxpected.fr\\\/wp-content\\\/uploads\\\/2026\\\/02\\\/img_1952.jpg&quot;}],&quot;background_slideshow_loop&quot;:&quot;yes&quot;,&quot;background_slideshow_slide_duration&quot;:5000,&quot;background_slideshow_slide_transition&quot;:&quot;fade&quot;,&quot;background_slideshow_transition_duration&quot;:500}\">\n\t\t\t\t<div class=\"elementor-element elementor-element-85ac8e4 elementor-widget elementor-widget-spacer\" data-id=\"85ac8e4\" data-element_type=\"widget\" data-e-type=\"widget\" data-widget_type=\"spacer.default\">\n\t\t\t\t<div class=\"elementor-widget-container\">\n\t\t\t\t\t\t\t<div class=\"elementor-spacer\">\n\t\t\t<div class=\"elementor-spacer-inner\"><\/div>\n\t\t<\/div>\n\t\t\t\t\t\t<\/div>\n\t\t\t\t<\/div>\n\t\t\t\t<\/div>\n\t\t<div class=\"elementor-element elementor-element-d090bdf e-con-full e-flex e-con e-child\" data-id=\"d090bdf\" data-element_type=\"container\" data-e-type=\"container\">\n\t\t\t\t<div class=\"elementor-element elementor-element-4fa0223 elementor-widget elementor-widget-heading\" data-id=\"4fa0223\" data-element_type=\"widget\" data-e-type=\"widget\" data-widget_type=\"heading.default\">\n\t\t\t\t<div class=\"elementor-widget-container\">\n\t\t\t\t\t<h2 class=\"elementor-heading-title elementor-size-default\"><h3 data-start=\"818\" data-end=\"881\"><strong data-start=\"822\" data-end=\"881\">Dimanche \u2013 Routes Ferm\u00e9es autour de M\u00e9jannes-le-Clap<\/strong><span style=\"font-family: Oswald, sans-serif;font-size: 36px;text-transform: none\"><\/span><\/h3><\/h2>\t\t\t\t<\/div>\n\t\t\t\t<\/div>\n\t\t\t\t<div class=\"elementor-element elementor-element-7f862fc elementor-widget elementor-widget-text-editor\" data-id=\"7f862fc\" data-element_type=\"widget\" data-e-type=\"widget\" data-widget_type=\"text-editor.default\">\n\t\t\t\t<div class=\"elementor-widget-container\">\n\t\t\t\t\t\t\t\t\t<p data-start=\"883\" data-end=\"982\">Le temps fort du week-end : <strong data-start=\"911\" data-end=\"945\">une journ\u00e9e sur routes ferm\u00e9es<\/strong> \u00e0 proximit\u00e9 de <strong data-start=\"961\" data-end=\"981\">M\u00e9jannes-le-Clap<\/strong>.<\/p><p data-start=\"984\" data-end=\"1238\">Plus de <strong data-start=\"992\" data-end=\"1020\">6 km de route privatis\u00e9e<\/strong>, s\u00e9curis\u00e9e et encadr\u00e9e par une organisation professionnelle. Deux sessions permettront d\u2019exploiter pleinement les qualit\u00e9s dynamiques de votre Porsche, dans un environnement ma\u00eetris\u00e9 et sans contrainte de circulation.<\/p><p data-start=\"1240\" data-end=\"1303\">Une exp\u00e9rience de conduite pure, rare et intens\u00e9ment addictive.<\/p>\t\t\t\t\t\t\t\t<\/div>\n\t\t\t\t<\/div>\n\t\t\t\t<\/div>\n\t\t\t\t<\/div>\n\t\t<div class=\"elementor-element elementor-element-d10cff8 e-con-full e-flex e-con e-parent\" data-id=\"d10cff8\" data-element_type=\"container\" data-e-type=\"container\">\n\t\t<div class=\"elementor-element elementor-element-191bd1b e-con-full e-flex e-con e-child\" data-id=\"191bd1b\" data-element_type=\"container\" data-e-type=\"container\" data-settings=\"{&quot;background_background&quot;:&quot;slideshow&quot;,&quot;background_slideshow_gallery&quot;:[{&quot;id&quot;:6377,&quot;url&quot;:&quot;https:\\\/\\\/www.unxpected.fr\\\/wp-content\\\/uploads\\\/2026\\\/02\\\/424663252.jpg&quot;},{&quot;id&quot;:6378,&quot;url&quot;:&quot;https:\\\/\\\/www.unxpected.fr\\\/wp-content\\\/uploads\\\/2026\\\/02\\\/521455251.jpg&quot;},{&quot;id&quot;:6379,&quot;url&quot;:&quot;https:\\\/\\\/www.unxpected.fr\\\/wp-content\\\/uploads\\\/2026\\\/02\\\/819374232.jpg&quot;},{&quot;id&quot;:6380,&quot;url&quot;:&quot;https:\\\/\\\/www.unxpected.fr\\\/wp-content\\\/uploads\\\/2026\\\/02\\\/820197207.jpg&quot;},{&quot;id&quot;:6381,&quot;url&quot;:&quot;https:\\\/\\\/www.unxpected.fr\\\/wp-content\\\/uploads\\\/2026\\\/02\\\/820197209.jpg&quot;},{&quot;id&quot;:6382,&quot;url&quot;:&quot;https:\\\/\\\/www.unxpected.fr\\\/wp-content\\\/uploads\\\/2026\\\/02\\\/820197243.jpg&quot;},{&quot;id&quot;:6383,&quot;url&quot;:&quot;https:\\\/\\\/www.unxpected.fr\\\/wp-content\\\/uploads\\\/2026\\\/02\\\/820197255.jpg&quot;},{&quot;id&quot;:6384,&quot;url&quot;:&quot;https:\\\/\\\/www.unxpected.fr\\\/wp-content\\\/uploads\\\/2026\\\/02\\\/820197265.jpg&quot;}],&quot;background_slideshow_loop&quot;:&quot;yes&quot;,&quot;background_slideshow_slide_duration&quot;:5000,&quot;background_slideshow_slide_transition&quot;:&quot;fade&quot;,&quot;background_slideshow_transition_duration&quot;:500}\">\n\t\t\t\t<div class=\"elementor-element elementor-element-88d0290 elementor-widget elementor-widget-spacer\" data-id=\"88d0290\" data-element_type=\"widget\" data-e-type=\"widget\" data-widget_type=\"spacer.default\">\n\t\t\t\t<div class=\"elementor-widget-container\">\n\t\t\t\t\t\t\t<div class=\"elementor-spacer\">\n\t\t\t<div class=\"elementor-spacer-inner\"><\/div>\n\t\t<\/div>\n\t\t\t\t\t\t<\/div>\n\t\t\t\t<\/div>\n\t\t\t\t<\/div>\n\t\t<div class=\"elementor-element elementor-element-cfd1104 e-con-full e-flex e-con e-child\" data-id=\"cfd1104\" data-element_type=\"container\" data-e-type=\"container\">\n\t\t\t\t<div class=\"elementor-element elementor-element-8895a1b elementor-widget elementor-widget-heading\" data-id=\"8895a1b\" data-element_type=\"widget\" data-e-type=\"widget\" data-widget_type=\"heading.default\">\n\t\t\t\t<div class=\"elementor-widget-container\">\n\t\t\t\t\t<h2 class=\"elementor-heading-title elementor-size-default\">S\u00e9jour au Ch\u00e2teau de Collias<\/h2>\t\t\t\t<\/div>\n\t\t\t\t<\/div>\n\t\t\t\t<div class=\"elementor-element elementor-element-a114e59 elementor-widget elementor-widget-text-editor\" data-id=\"a114e59\" data-element_type=\"widget\" data-e-type=\"widget\" data-widget_type=\"text-editor.default\">\n\t\t\t\t<div class=\"elementor-widget-container\">\n\t\t\t\t\t\t\t\t\t<p data-start=\"152\" data-end=\"498\">Nich\u00e9e dans le charmant village occitan de <strong data-start=\"195\" data-end=\"206\">Collias<\/strong>, \u00e0 quelques minutes d\u2019Uz\u00e8s, cette demeure de caract\u00e8re puise ses origines dans pr\u00e8s de <strong data-start=\"294\" data-end=\"318\">mille ans d\u2019histoire<\/strong>. Le Ch\u00e2teau de Collias d\u00e9voile une architecture singuli\u00e8re o\u00f9 se m\u00ealent <strong data-start=\"391\" data-end=\"412\">h\u00e9ritage m\u00e9di\u00e9val<\/strong>, influences Renaissance, \u00e9l\u00e9gance du XVIII\u1d49 si\u00e8cle et touches italianisantes du XIX\u1d49.<\/p><p data-start=\"500\" data-end=\"756\">Derri\u00e8re ses murs charg\u00e9s d\u2019histoire, le ch\u00e2teau offre aujourd\u2019hui une <strong data-start=\"571\" data-end=\"620\">exp\u00e9rience h\u00f4teli\u00e8re r\u00e9solument contemporaine<\/strong>. Ses chambres allient raffinement, confort et modernit\u00e9, dans un \u00e9quilibre subtil entre authenticit\u00e9 et prestations haut de gamme.<\/p><p data-start=\"758\" data-end=\"953\">Le parc du domaine invite \u00e0 la d\u00e9connexion : instants de d\u00e9tente au bord de la piscine, calme absolu, et vues privil\u00e9gi\u00e9es sur la <strong data-start=\"888\" data-end=\"930\">R\u00e9serve Naturelle des Gorges du Gardon<\/strong>, class\u00e9e par l\u2019UNESCO.<\/p><p data-start=\"1505\" data-end=\"1606\">\u00a0<\/p>\t\t\t\t\t\t\t\t<\/div>\n\t\t\t\t<\/div>\n\t\t\t\t<\/div>\n\t\t\t\t<\/div>\n\t\t\t\t<\/div>\n\t\t","protected":false},"excerpt":{"rendered":"<p><strong data-start=\"38\" data-end=\"68\">Ard\u00e8che sur routes ferm\u00e9es<\/strong> \u2728<br data-start=\"70\" data-end=\"73\" \/>Une exp\u00e9rience rare sign\u00e9e Unxpected : route privatis\u00e9e, cadre d\u2019exception, \u00e9motions \u00e0 l\u2019\u00e9tat pur.<\/p>","protected":false},"featured_media":6374,"template":"","meta":{"_acf_changed":false},"product_brand":[],"product_cat":[23,34],"product_tag":[],"class_list":{"0":"post-6373","1":"product","2":"type-product","3":"status-publish","4":"has-post-thumbnail","6":"product_cat-evenements","7":"product_cat-evenements-a-venir","9":"first","10":"instock","11":"downloadable","12":"sold-individually","13":"taxable","14":"shipping-taxable","15":"product-type-simple"},"acf":[],"yoast_head":"<!-- This site is optimized with the Yoast SEO plugin v27.1.1 - https:\/\/yoast.com\/product\/yoast-seo-wordpress\/ -->\n<title>Ard\u00e8che sur routes ferm\u00e9es 2026 - UNXPECTED<\/title>\n<meta name=\"robots\" content=\"index, follow, max-snippet:-1, max-image-preview:large, max-video-preview:-1\" \/>\n<link rel=\"canonical\" href=\"https:\/\/www.unxpected.fr\/en\/evenements\/ardeche-sur-routes-fermees-2026\/\" \/>\n<meta property=\"og:locale\" content=\"en_US\" \/>\n<meta property=\"og:type\" content=\"article\" \/>\n<meta property=\"og:title\" content=\"Ard\u00e8che sur routes ferm\u00e9es 2026 - UNXPECTED\" \/>\n<meta property=\"og:description\" content=\"Ard\u00e8che sur routes ferm\u00e9es \u2728Une exp\u00e9rience rare sign\u00e9e Unxpected : route privatis\u00e9e, cadre d\u2019exception, \u00e9motions \u00e0 l\u2019\u00e9tat pur.\" \/>\n<meta property=\"og:url\" content=\"https:\/\/www.unxpected.fr\/en\/evenements\/ardeche-sur-routes-fermees-2026\/\" \/>\n<meta property=\"og:site_name\" content=\"UNXPECTED\" \/>\n<meta property=\"article:modified_time\" content=\"2026-02-25T20:39:11+00:00\" \/>\n<meta property=\"og:image\" content=\"https:\/\/www.unxpected.fr\/wp-content\/uploads\/2026\/02\/img_1952.jpg\" \/>\n\t<meta property=\"og:image:width\" content=\"2000\" \/>\n\t<meta property=\"og:image:height\" content=\"1500\" \/>\n\t<meta property=\"og:image:type\" content=\"image\/jpeg\" \/>\n<meta name=\"twitter:card\" content=\"summary_large_image\" \/>\n<meta name=\"twitter:label1\" content=\"Est. reading time\" \/>\n\t<meta name=\"twitter:data1\" content=\"3 minutes\" \/>\n<script type=\"application\/ld+json\" class=\"yoast-schema-graph\">{\"@context\":\"https:\/\/schema.org\",\"@graph\":[{\"@type\":\"WebPage\",\"@id\":\"https:\/\/www.unxpected.fr\/evenements\/ardeche-sur-routes-fermees-2026\/\",\"url\":\"https:\/\/www.unxpected.fr\/evenements\/ardeche-sur-routes-fermees-2026\/\",\"name\":\"Ard\u00e8che sur routes ferm\u00e9es 2026 - UNXPECTED\",\"isPartOf\":{\"@id\":\"https:\/\/www.unxpected.fr\/#website\"},\"primaryImageOfPage\":{\"@id\":\"https:\/\/www.unxpected.fr\/evenements\/ardeche-sur-routes-fermees-2026\/#primaryimage\"},\"image\":{\"@id\":\"https:\/\/www.unxpected.fr\/evenements\/ardeche-sur-routes-fermees-2026\/#primaryimage\"},\"thumbnailUrl\":\"https:\/\/www.unxpected.fr\/wp-content\/uploads\/2026\/02\/img_1952.jpg\",\"datePublished\":\"2026-02-25T20:03:59+00:00\",\"dateModified\":\"2026-02-25T20:39:11+00:00\",\"breadcrumb\":{\"@id\":\"https:\/\/www.unxpected.fr\/evenements\/ardeche-sur-routes-fermees-2026\/#breadcrumb\"},\"inLanguage\":\"en-US\",\"potentialAction\":[{\"@type\":\"ReadAction\",\"target\":[\"https:\/\/www.unxpected.fr\/evenements\/ardeche-sur-routes-fermees-2026\/\"]}]},{\"@type\":\"ImageObject\",\"inLanguage\":\"en-US\",\"@id\":\"https:\/\/www.unxpected.fr\/evenements\/ardeche-sur-routes-fermees-2026\/#primaryimage\",\"url\":\"https:\/\/www.unxpected.fr\/wp-content\/uploads\/2026\/02\/img_1952.jpg\",\"contentUrl\":\"https:\/\/www.unxpected.fr\/wp-content\/uploads\/2026\/02\/img_1952.jpg\",\"width\":2000,\"height\":1500},{\"@type\":\"BreadcrumbList\",\"@id\":\"https:\/\/www.unxpected.fr\/evenements\/ardeche-sur-routes-fermees-2026\/#breadcrumb\",\"itemListElement\":[{\"@type\":\"ListItem\",\"position\":1,\"name\":\"Private Porsche Club\",\"item\":\"https:\/\/www.unxpected.fr\/\"},{\"@type\":\"ListItem\",\"position\":2,\"name\":\"Products\",\"item\":\"https:\/\/www.unxpected.fr\/index.php\/shop\/\"},{\"@type\":\"ListItem\",\"position\":3,\"name\":\"\u00c9v\u00e9nements\",\"item\":\"https:\/\/www.unxpected.fr\/evenements\/\"},{\"@type\":\"ListItem\",\"position\":4,\"name\":\"Ard\u00e8che sur routes ferm\u00e9es 2026\"}]},{\"@type\":\"WebSite\",\"@id\":\"https:\/\/www.unxpected.fr\/#website\",\"url\":\"https:\/\/www.unxpected.fr\/\",\"name\":\"UNXPECTED\",\"description\":\"Private Porsche Club\",\"publisher\":{\"@id\":\"https:\/\/www.unxpected.fr\/#organization\"},\"potentialAction\":[{\"@type\":\"SearchAction\",\"target\":{\"@type\":\"EntryPoint\",\"urlTemplate\":\"https:\/\/www.unxpected.fr\/?s={search_term_string}\"},\"query-input\":{\"@type\":\"PropertyValueSpecification\",\"valueRequired\":true,\"valueName\":\"search_term_string\"}}],\"inLanguage\":\"en-US\"},{\"@type\":\"Organization\",\"@id\":\"https:\/\/www.unxpected.fr\/#organization\",\"name\":\"UNXPECTED\",\"url\":\"https:\/\/www.unxpected.fr\/\",\"logo\":{\"@type\":\"ImageObject\",\"inLanguage\":\"en-US\",\"@id\":\"https:\/\/www.unxpected.fr\/#\/schema\/logo\/image\/\",\"url\":\"https:\/\/www.unxpected.fr\/wp-content\/uploads\/2023\/07\/cropped-Logo_unxpected_circle_WB.png\",\"contentUrl\":\"https:\/\/www.unxpected.fr\/wp-content\/uploads\/2023\/07\/cropped-Logo_unxpected_circle_WB.png\",\"width\":512,\"height\":512,\"caption\":\"UNXPECTED\"},\"image\":{\"@id\":\"https:\/\/www.unxpected.fr\/#\/schema\/logo\/image\/\"}}]}<\/script>\n<!-- \/ Yoast SEO plugin. -->","yoast_head_json":{"title":"Ard\u00e8che sur routes ferm\u00e9es 2026 - UNXPECTED","robots":{"index":"index","follow":"follow","max-snippet":"max-snippet:-1","max-image-preview":"max-image-preview:large","max-video-preview":"max-video-preview:-1"},"canonical":"https:\/\/www.unxpected.fr\/en\/evenements\/ardeche-sur-routes-fermees-2026\/","og_locale":"en_US","og_type":"article","og_title":"Ard\u00e8che sur routes ferm\u00e9es 2026 - UNXPECTED","og_description":"Ard\u00e8che sur routes ferm\u00e9es \u2728Une exp\u00e9rience rare sign\u00e9e Unxpected : route privatis\u00e9e, cadre d\u2019exception, \u00e9motions \u00e0 l\u2019\u00e9tat pur.","og_url":"https:\/\/www.unxpected.fr\/en\/evenements\/ardeche-sur-routes-fermees-2026\/","og_site_name":"UNXPECTED","article_modified_time":"2026-02-25T20:39:11+00:00","og_image":[{"width":2000,"height":1500,"url":"https:\/\/www.unxpected.fr\/wp-content\/uploads\/2026\/02\/img_1952.jpg","type":"image\/jpeg"}],"twitter_card":"summary_large_image","twitter_misc":{"Est. reading time":"3 minutes"},"schema":{"@context":"https:\/\/schema.org","@graph":[{"@type":"WebPage","@id":"https:\/\/www.unxpected.fr\/evenements\/ardeche-sur-routes-fermees-2026\/","url":"https:\/\/www.unxpected.fr\/evenements\/ardeche-sur-routes-fermees-2026\/","name":"Ard\u00e8che sur routes ferm\u00e9es 2026 - UNXPECTED","isPartOf":{"@id":"https:\/\/www.unxpected.fr\/#website"},"primaryImageOfPage":{"@id":"https:\/\/www.unxpected.fr\/evenements\/ardeche-sur-routes-fermees-2026\/#primaryimage"},"image":{"@id":"https:\/\/www.unxpected.fr\/evenements\/ardeche-sur-routes-fermees-2026\/#primaryimage"},"thumbnailUrl":"https:\/\/www.unxpected.fr\/wp-content\/uploads\/2026\/02\/img_1952.jpg","datePublished":"2026-02-25T20:03:59+00:00","dateModified":"2026-02-25T20:39:11+00:00","breadcrumb":{"@id":"https:\/\/www.unxpected.fr\/evenements\/ardeche-sur-routes-fermees-2026\/#breadcrumb"},"inLanguage":"en-US","potentialAction":[{"@type":"ReadAction","target":["https:\/\/www.unxpected.fr\/evenements\/ardeche-sur-routes-fermees-2026\/"]}]},{"@type":"ImageObject","inLanguage":"en-US","@id":"https:\/\/www.unxpected.fr\/evenements\/ardeche-sur-routes-fermees-2026\/#primaryimage","url":"https:\/\/www.unxpected.fr\/wp-content\/uploads\/2026\/02\/img_1952.jpg","contentUrl":"https:\/\/www.unxpected.fr\/wp-content\/uploads\/2026\/02\/img_1952.jpg","width":2000,"height":1500},{"@type":"BreadcrumbList","@id":"https:\/\/www.unxpected.fr\/evenements\/ardeche-sur-routes-fermees-2026\/#breadcrumb","itemListElement":[{"@type":"ListItem","position":1,"name":"Private Porsche Club","item":"https:\/\/www.unxpected.fr\/"},{"@type":"ListItem","position":2,"name":"Products","item":"https:\/\/www.unxpected.fr\/index.php\/shop\/"},{"@type":"ListItem","position":3,"name":"\u00c9v\u00e9nements","item":"https:\/\/www.unxpected.fr\/evenements\/"},{"@type":"ListItem","position":4,"name":"Ard\u00e8che sur routes ferm\u00e9es 2026"}]},{"@type":"WebSite","@id":"https:\/\/www.unxpected.fr\/#website","url":"https:\/\/www.unxpected.fr\/","name":"UNXPECTED","description":"Private Porsche Club","publisher":{"@id":"https:\/\/www.unxpected.fr\/#organization"},"potentialAction":[{"@type":"SearchAction","target":{"@type":"EntryPoint","urlTemplate":"https:\/\/www.unxpected.fr\/?s={search_term_string}"},"query-input":{"@type":"PropertyValueSpecification","valueRequired":true,"valueName":"search_term_string"}}],"inLanguage":"en-US"},{"@type":"Organization","@id":"https:\/\/www.unxpected.fr\/#organization","name":"UNXPECTED","url":"https:\/\/www.unxpected.fr\/","logo":{"@type":"ImageObject","inLanguage":"en-US","@id":"https:\/\/www.unxpected.fr\/#\/schema\/logo\/image\/","url":"https:\/\/www.unxpected.fr\/wp-content\/uploads\/2023\/07\/cropped-Logo_unxpected_circle_WB.png","contentUrl":"https:\/\/www.unxpected.fr\/wp-content\/uploads\/2023\/07\/cropped-Logo_unxpected_circle_WB.png","width":512,"height":512,"caption":"UNXPECTED"},"image":{"@id":"https:\/\/www.unxpected.fr\/#\/schema\/logo\/image\/"}}]}},"_links":{"self":[{"href":"https:\/\/www.unxpected.fr\/en\/wp-json\/wp\/v2\/product\/6373","targetHints":{"allow":["GET"]}}],"collection":[{"href":"https:\/\/www.unxpected.fr\/en\/wp-json\/wp\/v2\/product"}],"about":[{"href":"https:\/\/www.unxpected.fr\/en\/wp-json\/wp\/v2\/types\/product"}],"version-history":[{"count":5,"href":"https:\/\/www.unxpected.fr\/en\/wp-json\/wp\/v2\/product\/6373\/revisions"}],"predecessor-version":[{"id":6388,"href":"https:\/\/www.unxpected.fr\/en\/wp-json\/wp\/v2\/product\/6373\/revisions\/6388"}],"wp:featuredmedia":[{"embeddable":true,"href":"https:\/\/www.unxpected.fr\/en\/wp-json\/wp\/v2\/media\/6374"}],"wp:attachment":[{"href":"https:\/\/www.unxpected.fr\/en\/wp-json\/wp\/v2\/media?parent=6373"}],"wp:term":[{"taxonomy":"product_brand","embeddable":true,"href":"https:\/\/www.unxpected.fr\/en\/wp-json\/wp\/v2\/product_brand?post=6373"},{"taxonomy":"product_cat","embeddable":true,"href":"https:\/\/www.unxpected.fr\/en\/wp-json\/wp\/v2\/product_cat?post=6373"},{"taxonomy":"product_tag","embeddable":true,"href":"https:\/\/www.unxpected.fr\/en\/wp-json\/wp\/v2\/product_tag?post=6373"}],"curies":[{"name":"wp","href":"https:\/\/api.w.org\/{rel}","templated":true}]}}