{"id":6041,"date":"2025-04-21T09:53:28","date_gmt":"2025-04-21T07:53:28","guid":{"rendered":"https:\/\/www.unxpected.fr\/?post_type=product&#038;p=6041"},"modified":"2026-03-05T09:42:12","modified_gmt":"2026-03-05T08:42:12","slug":"unxpected-sunday-vexin-golf-2025","status":"publish","type":"product","link":"https:\/\/www.unxpected.fr\/en\/evenements\/unxpected-sunday-vexin-golf-2025\/","title":{"rendered":"UNXPECTED Sunday Vexin &amp; Golf 2025"},"content":{"rendered":"<div data-elementor-type=\"product-post\" data-elementor-id=\"6041\" class=\"elementor elementor-6041\" data-elementor-post-type=\"product\">\n\t\t\t\t<div class=\"elementor-element elementor-element-8dbd19a e-flex e-con-boxed e-con e-parent\" data-id=\"8dbd19a\" data-element_type=\"container\" data-e-type=\"container\" data-settings=\"{&quot;background_background&quot;:&quot;classic&quot;}\">\n\t\t\t\t\t<div class=\"e-con-inner\">\n\t\t\t\t<div class=\"elementor-element elementor-element-498d9c2 elementor-widget elementor-widget-text-editor\" data-id=\"498d9c2\" data-element_type=\"widget\" data-e-type=\"widget\" data-widget_type=\"text-editor.default\">\n\t\t\t\t<div class=\"elementor-widget-container\">\n\t\t\t\t\t\t\t\t\t<p>Combining sport, pleasure and gastronomy, with great encounters and discoveries: that's the spirit of Club UNXPECTED.<\/p>\t\t\t\t\t\t\t\t<\/div>\n\t\t\t\t<\/div>\n\t\t\t\t<div class=\"elementor-element elementor-element-79d1309 elementor-widget elementor-widget-gallery\" data-id=\"79d1309\" data-element_type=\"widget\" data-e-type=\"widget\" data-settings=\"{&quot;gallery_layout&quot;:&quot;justified&quot;,&quot;ideal_row_height&quot;:{&quot;unit&quot;:&quot;px&quot;,&quot;size&quot;:401,&quot;sizes&quot;:[]},&quot;gap&quot;:{&quot;unit&quot;:&quot;px&quot;,&quot;size&quot;:13,&quot;sizes&quot;:[]},&quot;lazyload&quot;:&quot;yes&quot;,&quot;ideal_row_height_tablet&quot;:{&quot;unit&quot;:&quot;px&quot;,&quot;size&quot;:150,&quot;sizes&quot;:[]},&quot;ideal_row_height_mobile&quot;:{&quot;unit&quot;:&quot;px&quot;,&quot;size&quot;:150,&quot;sizes&quot;:[]},&quot;gap_tablet&quot;:{&quot;unit&quot;:&quot;px&quot;,&quot;size&quot;:10,&quot;sizes&quot;:[]},&quot;gap_mobile&quot;:{&quot;unit&quot;:&quot;px&quot;,&quot;size&quot;:10,&quot;sizes&quot;:[]},&quot;link_to&quot;:&quot;file&quot;,&quot;overlay_background&quot;:&quot;yes&quot;,&quot;content_hover_animation&quot;:&quot;fade-in&quot;}\" data-widget_type=\"gallery.default\">\n\t\t\t\t<div class=\"elementor-widget-container\">\n\t\t\t\t\t\t\t<div class=\"elementor-gallery__container\">\n\t\t\t\t\t\t\t<a class=\"e-gallery-item elementor-gallery-item elementor-animated-content\" href=\"https:\/\/www.unxpected.fr\/wp-content\/uploads\/2023\/09\/FQQJ5664.jpg\" data-elementor-open-lightbox=\"yes\" data-elementor-lightbox-slideshow=\"79d1309\" data-elementor-lightbox-title=\"@unxpected vexin &amp; golf 09\/07\/2023. 5\" data-e-action-hash=\"#elementor-action%3Aaction%3Dlightbox%26settings%3DeyJpZCI6NDY1MCwidXJsIjoiaHR0cHM6XC9cL3d3dy51bnhwZWN0ZWQuZnJcL3dwLWNvbnRlbnRcL3VwbG9hZHNcLzIwMjNcLzA5XC9GUVFKNTY2NC5qcGciLCJzbGlkZXNob3ciOiI3OWQxMzA5In0%3D\">\n\t\t\t\t\t<div class=\"e-gallery-image elementor-gallery-item__image\" data-thumbnail=\"https:\/\/www.unxpected.fr\/wp-content\/uploads\/2023\/09\/FQQJ5664-300x225.jpg\" data-width=\"300\" data-height=\"225\" aria-label=\"\" role=\"img\" ><\/div>\n\t\t\t\t\t\t\t\t\t\t\t<div class=\"elementor-gallery-item__overlay\"><\/div>\n\t\t\t\t\t\t\t\t\t\t\t\t\t\t<\/a>\n\t\t\t\t\t\t\t<a class=\"e-gallery-item elementor-gallery-item elementor-animated-content\" href=\"https:\/\/www.unxpected.fr\/wp-content\/uploads\/2023\/09\/SUBF5354.jpg\" data-elementor-open-lightbox=\"yes\" data-elementor-lightbox-slideshow=\"79d1309\" data-elementor-lightbox-title=\"@unxpected vexin &amp; golf 09\/07\/2023. 25\" data-e-action-hash=\"#elementor-action%3Aaction%3Dlightbox%26settings%3DeyJpZCI6NDY3MSwidXJsIjoiaHR0cHM6XC9cL3d3dy51bnhwZWN0ZWQuZnJcL3dwLWNvbnRlbnRcL3VwbG9hZHNcLzIwMjNcLzA5XC9TVUJGNTM1NC5qcGciLCJzbGlkZXNob3ciOiI3OWQxMzA5In0%3D\">\n\t\t\t\t\t<div class=\"e-gallery-image elementor-gallery-item__image\" data-thumbnail=\"https:\/\/www.unxpected.fr\/wp-content\/uploads\/2023\/09\/SUBF5354-300x225.jpg\" data-width=\"300\" data-height=\"225\" aria-label=\"\" role=\"img\" ><\/div>\n\t\t\t\t\t\t\t\t\t\t\t<div class=\"elementor-gallery-item__overlay\"><\/div>\n\t\t\t\t\t\t\t\t\t\t\t\t\t\t<\/a>\n\t\t\t\t\t\t\t<a class=\"e-gallery-item elementor-gallery-item elementor-animated-content\" href=\"https:\/\/www.unxpected.fr\/wp-content\/uploads\/2023\/09\/FZXT4596.jpg\" data-elementor-open-lightbox=\"yes\" data-elementor-lightbox-slideshow=\"79d1309\" data-elementor-lightbox-title=\"@unxpected vexin &amp; golf 09\/07\/2023. 6\" data-e-action-hash=\"#elementor-action%3Aaction%3Dlightbox%26settings%3DeyJpZCI6NDY1MSwidXJsIjoiaHR0cHM6XC9cL3d3dy51bnhwZWN0ZWQuZnJcL3dwLWNvbnRlbnRcL3VwbG9hZHNcLzIwMjNcLzA5XC9GWlhUNDU5Ni5qcGciLCJzbGlkZXNob3ciOiI3OWQxMzA5In0%3D\">\n\t\t\t\t\t<div class=\"e-gallery-image elementor-gallery-item__image\" data-thumbnail=\"https:\/\/www.unxpected.fr\/wp-content\/uploads\/2023\/09\/FZXT4596-225x300.jpg\" data-width=\"225\" data-height=\"300\" aria-label=\"\" role=\"img\" ><\/div>\n\t\t\t\t\t\t\t\t\t\t\t<div class=\"elementor-gallery-item__overlay\"><\/div>\n\t\t\t\t\t\t\t\t\t\t\t\t\t\t<\/a>\n\t\t\t\t\t\t\t<a class=\"e-gallery-item elementor-gallery-item elementor-animated-content\" href=\"https:\/\/www.unxpected.fr\/wp-content\/uploads\/2023\/09\/CRPG7976.jpg\" data-elementor-open-lightbox=\"yes\" data-elementor-lightbox-slideshow=\"79d1309\" data-elementor-lightbox-title=\"@unxpected vexin &amp; golf 09\/07\/2023. 2\" data-e-action-hash=\"#elementor-action%3Aaction%3Dlightbox%26settings%3DeyJpZCI6NDY0NywidXJsIjoiaHR0cHM6XC9cL3d3dy51bnhwZWN0ZWQuZnJcL3dwLWNvbnRlbnRcL3VwbG9hZHNcLzIwMjNcLzA5XC9DUlBHNzk3Ni5qcGciLCJzbGlkZXNob3ciOiI3OWQxMzA5In0%3D\">\n\t\t\t\t\t<div class=\"e-gallery-image elementor-gallery-item__image\" data-thumbnail=\"https:\/\/www.unxpected.fr\/wp-content\/uploads\/2023\/09\/CRPG7976-300x200.jpg\" data-width=\"300\" data-height=\"200\" aria-label=\"\" role=\"img\" ><\/div>\n\t\t\t\t\t\t\t\t\t\t\t<div class=\"elementor-gallery-item__overlay\"><\/div>\n\t\t\t\t\t\t\t\t\t\t\t\t\t\t<\/a>\n\t\t\t\t\t\t\t<a class=\"e-gallery-item elementor-gallery-item elementor-animated-content\" href=\"https:\/\/www.unxpected.fr\/wp-content\/uploads\/2023\/09\/IMG_1390.jpg\" data-elementor-open-lightbox=\"yes\" data-elementor-lightbox-slideshow=\"79d1309\" data-elementor-lightbox-title=\"@unxpected vexin &amp; golf 09\/07\/2023. 9\" data-e-action-hash=\"#elementor-action%3Aaction%3Dlightbox%26settings%3DeyJpZCI6NDY1NCwidXJsIjoiaHR0cHM6XC9cL3d3dy51bnhwZWN0ZWQuZnJcL3dwLWNvbnRlbnRcL3VwbG9hZHNcLzIwMjNcLzA5XC9JTUdfMTM5MC5qcGciLCJzbGlkZXNob3ciOiI3OWQxMzA5In0%3D\">\n\t\t\t\t\t<div class=\"e-gallery-image elementor-gallery-item__image\" data-thumbnail=\"https:\/\/www.unxpected.fr\/wp-content\/uploads\/2023\/09\/IMG_1390-300x202.jpg\" data-width=\"300\" data-height=\"202\" aria-label=\"\" role=\"img\" ><\/div>\n\t\t\t\t\t\t\t\t\t\t\t<div class=\"elementor-gallery-item__overlay\"><\/div>\n\t\t\t\t\t\t\t\t\t\t\t\t\t\t<\/a>\n\t\t\t\t\t\t\t<a class=\"e-gallery-item elementor-gallery-item elementor-animated-content\" href=\"https:\/\/www.unxpected.fr\/wp-content\/uploads\/2023\/09\/IMG_1429-scaled.jpg\" data-elementor-open-lightbox=\"yes\" data-elementor-lightbox-slideshow=\"79d1309\" data-elementor-lightbox-title=\"@unxpected vexin &amp; golf 09\/07\/2023. 13\" data-e-action-hash=\"#elementor-action%3Aaction%3Dlightbox%26settings%3DeyJpZCI6NDY1OSwidXJsIjoiaHR0cHM6XC9cL3d3dy51bnhwZWN0ZWQuZnJcL3dwLWNvbnRlbnRcL3VwbG9hZHNcLzIwMjNcLzA5XC9JTUdfMTQyOS1zY2FsZWQuanBnIiwic2xpZGVzaG93IjoiNzlkMTMwOSJ9\">\n\t\t\t\t\t<div class=\"e-gallery-image elementor-gallery-item__image\" data-thumbnail=\"https:\/\/www.unxpected.fr\/wp-content\/uploads\/2023\/09\/IMG_1429-300x225.jpg\" data-width=\"300\" data-height=\"225\" aria-label=\"\" role=\"img\" ><\/div>\n\t\t\t\t\t\t\t\t\t\t\t<div class=\"elementor-gallery-item__overlay\"><\/div>\n\t\t\t\t\t\t\t\t\t\t\t\t\t\t<\/a>\n\t\t\t\t\t\t\t<a class=\"e-gallery-item elementor-gallery-item elementor-animated-content\" href=\"https:\/\/www.unxpected.fr\/wp-content\/uploads\/2023\/09\/IMG_1431-scaled.jpg\" data-elementor-open-lightbox=\"yes\" data-elementor-lightbox-slideshow=\"79d1309\" data-elementor-lightbox-title=\"@unxpected vexin &amp; golf 09\/07\/2023. 14\" data-e-action-hash=\"#elementor-action%3Aaction%3Dlightbox%26settings%3DeyJpZCI6NDY2MCwidXJsIjoiaHR0cHM6XC9cL3d3dy51bnhwZWN0ZWQuZnJcL3dwLWNvbnRlbnRcL3VwbG9hZHNcLzIwMjNcLzA5XC9JTUdfMTQzMS1zY2FsZWQuanBnIiwic2xpZGVzaG93IjoiNzlkMTMwOSJ9\">\n\t\t\t\t\t<div class=\"e-gallery-image elementor-gallery-item__image\" data-thumbnail=\"https:\/\/www.unxpected.fr\/wp-content\/uploads\/2023\/09\/IMG_1431-225x300.jpg\" data-width=\"225\" data-height=\"300\" aria-label=\"\" role=\"img\" ><\/div>\n\t\t\t\t\t\t\t\t\t\t\t<div class=\"elementor-gallery-item__overlay\"><\/div>\n\t\t\t\t\t\t\t\t\t\t\t\t\t\t<\/a>\n\t\t\t\t\t\t\t<a class=\"e-gallery-item elementor-gallery-item elementor-animated-content\" href=\"https:\/\/www.unxpected.fr\/wp-content\/uploads\/2023\/09\/LKPN6148.jpg\" data-elementor-open-lightbox=\"yes\" data-elementor-lightbox-slideshow=\"79d1309\" data-elementor-lightbox-title=\"@unxpected vexin &amp; golf 09\/07\/2023. 20\" data-e-action-hash=\"#elementor-action%3Aaction%3Dlightbox%26settings%3DeyJpZCI6NDY2NiwidXJsIjoiaHR0cHM6XC9cL3d3dy51bnhwZWN0ZWQuZnJcL3dwLWNvbnRlbnRcL3VwbG9hZHNcLzIwMjNcLzA5XC9MS1BONjE0OC5qcGciLCJzbGlkZXNob3ciOiI3OWQxMzA5In0%3D\">\n\t\t\t\t\t<div class=\"e-gallery-image elementor-gallery-item__image\" data-thumbnail=\"https:\/\/www.unxpected.fr\/wp-content\/uploads\/2023\/09\/LKPN6148-300x200.jpg\" data-width=\"300\" data-height=\"200\" aria-label=\"\" role=\"img\" ><\/div>\n\t\t\t\t\t\t\t\t\t\t\t<div class=\"elementor-gallery-item__overlay\"><\/div>\n\t\t\t\t\t\t\t\t\t\t\t\t\t\t<\/a>\n\t\t\t\t\t\t\t<a class=\"e-gallery-item elementor-gallery-item elementor-animated-content\" href=\"https:\/\/www.unxpected.fr\/wp-content\/uploads\/2023\/09\/LTKZ1828.jpg\" data-elementor-open-lightbox=\"yes\" data-elementor-lightbox-slideshow=\"79d1309\" data-elementor-lightbox-title=\"@unxpected vexin &amp; golf 09\/07\/2023. 21\" data-e-action-hash=\"#elementor-action%3Aaction%3Dlightbox%26settings%3DeyJpZCI6NDY2NywidXJsIjoiaHR0cHM6XC9cL3d3dy51bnhwZWN0ZWQuZnJcL3dwLWNvbnRlbnRcL3VwbG9hZHNcLzIwMjNcLzA5XC9MVEtaMTgyOC5qcGciLCJzbGlkZXNob3ciOiI3OWQxMzA5In0%3D\">\n\t\t\t\t\t<div class=\"e-gallery-image elementor-gallery-item__image\" data-thumbnail=\"https:\/\/www.unxpected.fr\/wp-content\/uploads\/2023\/09\/LTKZ1828-300x225.jpg\" data-width=\"300\" data-height=\"225\" aria-label=\"\" role=\"img\" ><\/div>\n\t\t\t\t\t\t\t\t\t\t\t<div class=\"elementor-gallery-item__overlay\"><\/div>\n\t\t\t\t\t\t\t\t\t\t\t\t\t\t<\/a>\n\t\t\t\t\t\t\t<a class=\"e-gallery-item elementor-gallery-item elementor-animated-content\" href=\"https:\/\/www.unxpected.fr\/wp-content\/uploads\/2023\/09\/XNAD6135.jpg\" data-elementor-open-lightbox=\"yes\" data-elementor-lightbox-slideshow=\"79d1309\" data-elementor-lightbox-title=\"@unxpected vexin &amp; golf 09\/07\/2023. 27\" data-e-action-hash=\"#elementor-action%3Aaction%3Dlightbox%26settings%3DeyJpZCI6NDY3MywidXJsIjoiaHR0cHM6XC9cL3d3dy51bnhwZWN0ZWQuZnJcL3dwLWNvbnRlbnRcL3VwbG9hZHNcLzIwMjNcLzA5XC9YTkFENjEzNS5qcGciLCJzbGlkZXNob3ciOiI3OWQxMzA5In0%3D\">\n\t\t\t\t\t<div class=\"e-gallery-image elementor-gallery-item__image\" data-thumbnail=\"https:\/\/www.unxpected.fr\/wp-content\/uploads\/2023\/09\/XNAD6135-229x300.jpg\" data-width=\"229\" data-height=\"300\" aria-label=\"\" role=\"img\" ><\/div>\n\t\t\t\t\t\t\t\t\t\t\t<div class=\"elementor-gallery-item__overlay\"><\/div>\n\t\t\t\t\t\t\t\t\t\t\t\t\t\t<\/a>\n\t\t\t\t\t<\/div>\n\t\t\t\t\t<\/div>\n\t\t\t\t<\/div>\n\t\t\t\t\t<\/div>\n\t\t\t\t<\/div>\n\t\t\t\t<\/div>","protected":false},"excerpt":{"rendered":"<p>Leaving the A13, drive to Les Andelys and Chateau Gaillard, followed by an aperitif and lunch at a private golf course.<\/p>","protected":false},"featured_media":4660,"template":"","meta":{"_acf_changed":false},"product_brand":[],"product_cat":[23,28],"product_tag":[],"class_list":{"0":"post-6041","1":"product","2":"type-product","3":"status-publish","4":"has-post-thumbnail","6":"product_cat-evenements","7":"product_cat-evenements-passes","8":"membership-content","9":"purchase-restricted","11":"first","12":"instock","13":"taxable","14":"shipping-taxable","15":"product-type-simple"},"acf":[],"yoast_head":"<!-- This site is optimized with the Yoast SEO plugin v27.1.1 - https:\/\/yoast.com\/product\/yoast-seo-wordpress\/ -->\n<title>UNXPECTED Sunday Vexin &amp; Golf 2025 - UNXPECTED<\/title>\n<meta name=\"robots\" content=\"index, follow, max-snippet:-1, max-image-preview:large, max-video-preview:-1\" \/>\n<link rel=\"canonical\" href=\"https:\/\/www.unxpected.fr\/en\/evenements\/unxpected-sunday-vexin-golf-2025\/\" \/>\n<meta property=\"og:locale\" content=\"en_US\" \/>\n<meta property=\"og:type\" content=\"article\" \/>\n<meta property=\"og:title\" content=\"UNXPECTED Sunday Vexin &amp; Golf 2025 - UNXPECTED\" \/>\n<meta property=\"og:description\" content=\"Au depart de l&#039;A13, balade jusqu\u2019aux Andelys et Chateau Gaillard, puis ap\u00e9ritif et d\u00e9jeuner dans un golf priv\u00e9.\" \/>\n<meta property=\"og:url\" content=\"https:\/\/www.unxpected.fr\/en\/evenements\/unxpected-sunday-vexin-golf-2025\/\" \/>\n<meta property=\"og:site_name\" content=\"UNXPECTED\" \/>\n<meta property=\"article:modified_time\" content=\"2026-03-05T08:42:12+00:00\" \/>\n<meta property=\"og:image\" content=\"https:\/\/www.unxpected.fr\/wp-content\/uploads\/2023\/09\/IMG_1431-scaled.jpg\" \/>\n\t<meta property=\"og:image:width\" content=\"1920\" \/>\n\t<meta property=\"og:image:height\" content=\"2560\" \/>\n\t<meta property=\"og:image:type\" content=\"image\/jpeg\" \/>\n<meta name=\"twitter:card\" content=\"summary_large_image\" \/>\n<meta name=\"twitter:label1\" content=\"Est. reading time\" \/>\n\t<meta name=\"twitter:data1\" content=\"1 minute\" \/>\n<script type=\"application\/ld+json\" class=\"yoast-schema-graph\">{\"@context\":\"https:\/\/schema.org\",\"@graph\":[{\"@type\":\"WebPage\",\"@id\":\"https:\/\/www.unxpected.fr\/evenements\/unxpected-sunday-vexin-golf-2025\/\",\"url\":\"https:\/\/www.unxpected.fr\/evenements\/unxpected-sunday-vexin-golf-2025\/\",\"name\":\"UNXPECTED Sunday Vexin & Golf 2025 - UNXPECTED\",\"isPartOf\":{\"@id\":\"https:\/\/www.unxpected.fr\/#website\"},\"primaryImageOfPage\":{\"@id\":\"https:\/\/www.unxpected.fr\/evenements\/unxpected-sunday-vexin-golf-2025\/#primaryimage\"},\"image\":{\"@id\":\"https:\/\/www.unxpected.fr\/evenements\/unxpected-sunday-vexin-golf-2025\/#primaryimage\"},\"thumbnailUrl\":\"https:\/\/www.unxpected.fr\/wp-content\/uploads\/2023\/09\/IMG_1431-scaled.jpg\",\"datePublished\":\"2025-04-21T07:53:28+00:00\",\"dateModified\":\"2026-03-05T08:42:12+00:00\",\"breadcrumb\":{\"@id\":\"https:\/\/www.unxpected.fr\/evenements\/unxpected-sunday-vexin-golf-2025\/#breadcrumb\"},\"inLanguage\":\"en-US\",\"potentialAction\":[{\"@type\":\"ReadAction\",\"target\":[\"https:\/\/www.unxpected.fr\/evenements\/unxpected-sunday-vexin-golf-2025\/\"]}]},{\"@type\":\"ImageObject\",\"inLanguage\":\"en-US\",\"@id\":\"https:\/\/www.unxpected.fr\/evenements\/unxpected-sunday-vexin-golf-2025\/#primaryimage\",\"url\":\"https:\/\/www.unxpected.fr\/wp-content\/uploads\/2023\/09\/IMG_1431-scaled.jpg\",\"contentUrl\":\"https:\/\/www.unxpected.fr\/wp-content\/uploads\/2023\/09\/IMG_1431-scaled.jpg\",\"width\":1920,\"height\":2560},{\"@type\":\"BreadcrumbList\",\"@id\":\"https:\/\/www.unxpected.fr\/evenements\/unxpected-sunday-vexin-golf-2025\/#breadcrumb\",\"itemListElement\":[{\"@type\":\"ListItem\",\"position\":1,\"name\":\"Private Porsche Club\",\"item\":\"https:\/\/www.unxpected.fr\/\"},{\"@type\":\"ListItem\",\"position\":2,\"name\":\"Products\",\"item\":\"https:\/\/www.unxpected.fr\/index.php\/shop\/\"},{\"@type\":\"ListItem\",\"position\":3,\"name\":\"\u00c9v\u00e9nements\",\"item\":\"https:\/\/www.unxpected.fr\/evenements\/\"},{\"@type\":\"ListItem\",\"position\":4,\"name\":\"UNXPECTED Sunday Vexin &#038; Golf 2025\"}]},{\"@type\":\"WebSite\",\"@id\":\"https:\/\/www.unxpected.fr\/#website\",\"url\":\"https:\/\/www.unxpected.fr\/\",\"name\":\"UNXPECTED\",\"description\":\"Private Porsche Club\",\"publisher\":{\"@id\":\"https:\/\/www.unxpected.fr\/#organization\"},\"potentialAction\":[{\"@type\":\"SearchAction\",\"target\":{\"@type\":\"EntryPoint\",\"urlTemplate\":\"https:\/\/www.unxpected.fr\/?s={search_term_string}\"},\"query-input\":{\"@type\":\"PropertyValueSpecification\",\"valueRequired\":true,\"valueName\":\"search_term_string\"}}],\"inLanguage\":\"en-US\"},{\"@type\":\"Organization\",\"@id\":\"https:\/\/www.unxpected.fr\/#organization\",\"name\":\"UNXPECTED\",\"url\":\"https:\/\/www.unxpected.fr\/\",\"logo\":{\"@type\":\"ImageObject\",\"inLanguage\":\"en-US\",\"@id\":\"https:\/\/www.unxpected.fr\/#\/schema\/logo\/image\/\",\"url\":\"https:\/\/www.unxpected.fr\/wp-content\/uploads\/2023\/07\/cropped-Logo_unxpected_circle_WB.png\",\"contentUrl\":\"https:\/\/www.unxpected.fr\/wp-content\/uploads\/2023\/07\/cropped-Logo_unxpected_circle_WB.png\",\"width\":512,\"height\":512,\"caption\":\"UNXPECTED\"},\"image\":{\"@id\":\"https:\/\/www.unxpected.fr\/#\/schema\/logo\/image\/\"}}]}<\/script>\n<!-- \/ Yoast SEO plugin. -->","yoast_head_json":{"title":"UNXPECTED Sunday Vexin &amp; Golf 2025 - UNXPECTED","robots":{"index":"index","follow":"follow","max-snippet":"max-snippet:-1","max-image-preview":"max-image-preview:large","max-video-preview":"max-video-preview:-1"},"canonical":"https:\/\/www.unxpected.fr\/en\/evenements\/unxpected-sunday-vexin-golf-2025\/","og_locale":"en_US","og_type":"article","og_title":"UNXPECTED Sunday Vexin & Golf 2025 - UNXPECTED","og_description":"Au depart de l'A13, balade jusqu\u2019aux Andelys et Chateau Gaillard, puis ap\u00e9ritif et d\u00e9jeuner dans un golf priv\u00e9.","og_url":"https:\/\/www.unxpected.fr\/en\/evenements\/unxpected-sunday-vexin-golf-2025\/","og_site_name":"UNXPECTED","article_modified_time":"2026-03-05T08:42:12+00:00","og_image":[{"width":1920,"height":2560,"url":"https:\/\/www.unxpected.fr\/wp-content\/uploads\/2023\/09\/IMG_1431-scaled.jpg","type":"image\/jpeg"}],"twitter_card":"summary_large_image","twitter_misc":{"Est. reading time":"1 minute"},"schema":{"@context":"https:\/\/schema.org","@graph":[{"@type":"WebPage","@id":"https:\/\/www.unxpected.fr\/evenements\/unxpected-sunday-vexin-golf-2025\/","url":"https:\/\/www.unxpected.fr\/evenements\/unxpected-sunday-vexin-golf-2025\/","name":"UNXPECTED Sunday Vexin &amp; Golf 2025 - UNXPECTED","isPartOf":{"@id":"https:\/\/www.unxpected.fr\/#website"},"primaryImageOfPage":{"@id":"https:\/\/www.unxpected.fr\/evenements\/unxpected-sunday-vexin-golf-2025\/#primaryimage"},"image":{"@id":"https:\/\/www.unxpected.fr\/evenements\/unxpected-sunday-vexin-golf-2025\/#primaryimage"},"thumbnailUrl":"https:\/\/www.unxpected.fr\/wp-content\/uploads\/2023\/09\/IMG_1431-scaled.jpg","datePublished":"2025-04-21T07:53:28+00:00","dateModified":"2026-03-05T08:42:12+00:00","breadcrumb":{"@id":"https:\/\/www.unxpected.fr\/evenements\/unxpected-sunday-vexin-golf-2025\/#breadcrumb"},"inLanguage":"en-US","potentialAction":[{"@type":"ReadAction","target":["https:\/\/www.unxpected.fr\/evenements\/unxpected-sunday-vexin-golf-2025\/"]}]},{"@type":"ImageObject","inLanguage":"en-US","@id":"https:\/\/www.unxpected.fr\/evenements\/unxpected-sunday-vexin-golf-2025\/#primaryimage","url":"https:\/\/www.unxpected.fr\/wp-content\/uploads\/2023\/09\/IMG_1431-scaled.jpg","contentUrl":"https:\/\/www.unxpected.fr\/wp-content\/uploads\/2023\/09\/IMG_1431-scaled.jpg","width":1920,"height":2560},{"@type":"BreadcrumbList","@id":"https:\/\/www.unxpected.fr\/evenements\/unxpected-sunday-vexin-golf-2025\/#breadcrumb","itemListElement":[{"@type":"ListItem","position":1,"name":"Private Porsche Club","item":"https:\/\/www.unxpected.fr\/"},{"@type":"ListItem","position":2,"name":"Products","item":"https:\/\/www.unxpected.fr\/index.php\/shop\/"},{"@type":"ListItem","position":3,"name":"\u00c9v\u00e9nements","item":"https:\/\/www.unxpected.fr\/evenements\/"},{"@type":"ListItem","position":4,"name":"UNXPECTED Sunday Vexin &#038; Golf 2025"}]},{"@type":"WebSite","@id":"https:\/\/www.unxpected.fr\/#website","url":"https:\/\/www.unxpected.fr\/","name":"UNXPECTED","description":"Private Porsche Club","publisher":{"@id":"https:\/\/www.unxpected.fr\/#organization"},"potentialAction":[{"@type":"SearchAction","target":{"@type":"EntryPoint","urlTemplate":"https:\/\/www.unxpected.fr\/?s={search_term_string}"},"query-input":{"@type":"PropertyValueSpecification","valueRequired":true,"valueName":"search_term_string"}}],"inLanguage":"en-US"},{"@type":"Organization","@id":"https:\/\/www.unxpected.fr\/#organization","name":"UNXPECTED","url":"https:\/\/www.unxpected.fr\/","logo":{"@type":"ImageObject","inLanguage":"en-US","@id":"https:\/\/www.unxpected.fr\/#\/schema\/logo\/image\/","url":"https:\/\/www.unxpected.fr\/wp-content\/uploads\/2023\/07\/cropped-Logo_unxpected_circle_WB.png","contentUrl":"https:\/\/www.unxpected.fr\/wp-content\/uploads\/2023\/07\/cropped-Logo_unxpected_circle_WB.png","width":512,"height":512,"caption":"UNXPECTED"},"image":{"@id":"https:\/\/www.unxpected.fr\/#\/schema\/logo\/image\/"}}]}},"_links":{"self":[{"href":"https:\/\/www.unxpected.fr\/en\/wp-json\/wp\/v2\/product\/6041","targetHints":{"allow":["GET"]}}],"collection":[{"href":"https:\/\/www.unxpected.fr\/en\/wp-json\/wp\/v2\/product"}],"about":[{"href":"https:\/\/www.unxpected.fr\/en\/wp-json\/wp\/v2\/types\/product"}],"version-history":[{"count":8,"href":"https:\/\/www.unxpected.fr\/en\/wp-json\/wp\/v2\/product\/6041\/revisions"}],"predecessor-version":[{"id":6051,"href":"https:\/\/www.unxpected.fr\/en\/wp-json\/wp\/v2\/product\/6041\/revisions\/6051"}],"wp:featuredmedia":[{"embeddable":true,"href":"https:\/\/www.unxpected.fr\/en\/wp-json\/wp\/v2\/media\/4660"}],"wp:attachment":[{"href":"https:\/\/www.unxpected.fr\/en\/wp-json\/wp\/v2\/media?parent=6041"}],"wp:term":[{"taxonomy":"product_brand","embeddable":true,"href":"https:\/\/www.unxpected.fr\/en\/wp-json\/wp\/v2\/product_brand?post=6041"},{"taxonomy":"product_cat","embeddable":true,"href":"https:\/\/www.unxpected.fr\/en\/wp-json\/wp\/v2\/product_cat?post=6041"},{"taxonomy":"product_tag","embeddable":true,"href":"https:\/\/www.unxpected.fr\/en\/wp-json\/wp\/v2\/product_tag?post=6041"}],"curies":[{"name":"wp","href":"https:\/\/api.w.org\/{rel}","templated":true}]}}