{"id":5787,"date":"2024-12-02T11:40:40","date_gmt":"2024-12-02T10:40:40","guid":{"rendered":"https:\/\/www.unxpected.fr\/?post_type=product&#038;p=5787"},"modified":"2025-03-20T09:57:37","modified_gmt":"2025-03-20T08:57:37","slug":"soiree-de-noel-unxpected","status":"publish","type":"product","link":"https:\/\/www.unxpected.fr\/en\/evenements\/soiree-de-noel-unxpected\/","title":{"rendered":"UNXPECTED Christmas Party"},"content":{"rendered":"<div data-elementor-type=\"product-post\" data-elementor-id=\"5787\" class=\"elementor elementor-5787\" data-elementor-post-type=\"product\">\n\t\t\t\t<div class=\"elementor-element elementor-element-b8f6527 e-flex e-con-boxed e-con e-parent\" data-id=\"b8f6527\" data-element_type=\"container\" data-e-type=\"container\">\n\t\t\t\t\t<div class=\"e-con-inner\">\n\t\t\t\t<div class=\"elementor-element elementor-element-9e8acd7 elementor-widget elementor-widget-text-editor\" data-id=\"9e8acd7\" data-element_type=\"widget\" data-e-type=\"widget\" data-widget_type=\"text-editor.default\">\n\t\t\t\t<div class=\"elementor-widget-container\">\n\t\t\t\t\t\t\t\t\t<p class=\"p1\"><span style=\"color: var( --e-global-color-text ); font-family: var( --e-global-typography-text-font-family ), Sans-serif; font-size: var( --e-global-typography-text-font-size ); font-weight: var( --e-global-typography-text-font-weight ); letter-spacing: var( --e-global-typography-text-letter-spacing ); text-transform: var( --e-global-typography-text-text-transform ); text-align: var(--text-align);\">To round off the year in style, we invite you to <\/span><b style=\"color: var( --e-global-color-text ); font-family: var( --e-global-typography-text-font-family ), Sans-serif; font-size: var( --e-global-typography-text-font-size ); letter-spacing: var( --e-global-typography-text-letter-spacing ); text-transform: var( --e-global-typography-text-text-transform ); text-align: var(--text-align);\">our Christmas party<\/b><span style=\"color: var( --e-global-color-text ); font-family: var( --e-global-typography-text-font-family ), Sans-serif; font-size: var( --e-global-typography-text-font-size ); font-weight: var( --e-global-typography-text-font-weight ); letter-spacing: var( --e-global-typography-text-letter-spacing ); text-transform: var( --e-global-typography-text-text-transform ); text-align: var(--text-align);\"> - a unique opportunity to share our passion for Porsche and the automobile<\/span><\/p><p class=\"p1\">\ud83d\udcc5 <b>Wednesday, December 18<\/b> from 7.30pm<br \/>\ud83d\udccd <b>Exclusive location<\/b> at La D\u00e9fense (address to be communicated after booking)<\/p><p class=\"p1\"><b>On the program:<\/b><\/p><ul class=\"ul1\"><li class=\"li1\">\ud83c\udfa8 <b>Discovery<\/b> a preview of an area dedicated to classic cars<\/li><li class=\"li1\">\ud83d\ude97 <b>Interactive workshops<\/b> with MM Detailing @mmdetailing_92 &amp; PPH Pro Care: all the secrets<span class=\"Apple-converted-space\">\u00a0 <\/span>automotive styling and protection<\/li><li class=\"li1\">\ud83c\udfad <b>Porsche art exhibition<\/b> by My Pilot Collection<\/li><li class=\"li1\">\ud83c\udfb7 <b>Live concert<\/b> by Didier Eyike @difantoma saxophonist and porschist<\/li><li class=\"li1\">\ud83c\udfa7 <b>DJ set<\/b> for a rhythmic evening<\/li><li class=\"li1\">\ud83c\udf7e <b>Ap\u00e9ritif d\u00eenatoire<\/b> with sweet and savoury buffet, wine and champagne<\/li><li class=\"li1\">\ud83d\uddd3\ufe0f <b>EXCLUSIVE<\/b> Presentation <b>program 2025<\/b> UNXPECTED preview!<\/li><\/ul><p class=\"p1\"><b>Rates :<\/b><\/p><ul class=\"ul1\"><li class=\"li1\"><b>UNXPECTED Club members<\/b> : <b>35 \u20ac<\/b><\/li><li class=\"li1\"><b>Guests My Pilot Collection &amp; MM Detailing<\/b> : <b>35 \u20ac<\/b><\/li><li class=\"li1\"><b>Other participants<\/b> : <b>50 \u20ac<\/b><\/li><\/ul><p>\u00a0<\/p><p class=\"p1\">\ud83c\udf9f\ufe0f<b> Book now!<br \/><\/b>\ud83d\udc49<b> Registration required via <\/b><a href=\"https:\/\/chatgpt.com\/c\/67497cec-d684-8005-9144-f8d14d2e0afb#\"><span class=\"s2\"><b>this form<\/b><\/span><\/a><b><br \/><\/b>\ud83d\udccc<b> RSVP deadline: December 12, 2024<\/b><\/p><p class=\"p1\">\ud83d\uded1<b> Evening for adults only<\/b><br \/>After registration, a payment link will be sent to you.<\/p><p class=\"p1\">\u26a0\ufe0f <b>Payment required to confirm your reservation<\/b> and receive the exact address.<\/p><p class=\"p1\"><span class=\"s3\">\ud83c\udf84<\/span> Join us for a convivial and elegant evening in the UNXPECTED spirit. Come and discover our projects for 2025 and share our passion together!<\/p>\t\t\t\t\t\t\t\t<\/div>\n\t\t\t\t<\/div>\n\t\t\t\t\t<\/div>\n\t\t\t\t<\/div>\n\t\t<div class=\"elementor-element elementor-element-a16d865 e-flex e-con-boxed e-con e-parent\" data-id=\"a16d865\" data-element_type=\"container\" data-e-type=\"container\">\n\t\t\t\t\t<div class=\"e-con-inner\">\n\t\t\t\t<div class=\"elementor-element elementor-element-6191af5 elementor-widget elementor-widget-text-editor\" data-id=\"6191af5\" data-element_type=\"widget\" data-e-type=\"widget\" data-widget_type=\"text-editor.default\">\n\t\t\t\t<div class=\"elementor-widget-container\">\n\t\t\t\t\t\t\t\t\t<h2><a href=\"https:\/\/forms.gle\/i4EZdhGMr5vra1Qo6\">REGISTRATION FORM<\/a><\/h2>\t\t\t\t\t\t\t\t<\/div>\n\t\t\t\t<\/div>\n\t\t\t\t\t<\/div>\n\t\t\t\t<\/div>\n\t\t\t\t<\/div>","protected":false},"excerpt":{"rendered":"<p class=\"p1\"><span class=\"s1\">\u2728<\/span> <b>Celebrate Christmas with UNXPECTED in a warm, festive atmosphere!<\/b> <span class=\"s1\">\u2728<\/span><\/p>","protected":false},"featured_media":5795,"template":"","meta":{"_acf_changed":false},"product_brand":[],"product_cat":[23,28,39],"product_tag":[37],"class_list":{"0":"post-5787","1":"product","2":"type-product","3":"status-publish","4":"has-post-thumbnail","6":"product_cat-evenements","7":"product_cat-evenements-passes","8":"product_cat-public","9":"product_tag-public","11":"first","12":"outofstock","13":"taxable","14":"shipping-taxable","15":"purchasable","16":"product-type-simple"},"acf":[],"yoast_head":"<!-- This site is optimized with the Yoast SEO plugin v27.1.1 - https:\/\/yoast.com\/product\/yoast-seo-wordpress\/ -->\n<title>Soiree de Noel UNXPECTED - UNXPECTED<\/title>\n<meta name=\"robots\" content=\"index, follow, max-snippet:-1, max-image-preview:large, max-video-preview:-1\" \/>\n<link rel=\"canonical\" href=\"https:\/\/www.unxpected.fr\/en\/evenements\/soiree-de-noel-unxpected\/\" \/>\n<meta property=\"og:locale\" content=\"en_US\" \/>\n<meta property=\"og:type\" content=\"article\" \/>\n<meta property=\"og:title\" content=\"Soiree de Noel UNXPECTED - UNXPECTED\" \/>\n<meta property=\"og:description\" content=\"\u2728 C\u00e9l\u00e9brez No\u00ebl avec UNXPECTED dans une ambiance festive et chaleureuse ! \u2728\" \/>\n<meta property=\"og:url\" content=\"https:\/\/www.unxpected.fr\/en\/evenements\/soiree-de-noel-unxpected\/\" \/>\n<meta property=\"og:site_name\" content=\"UNXPECTED\" \/>\n<meta property=\"article:modified_time\" content=\"2025-03-20T08:57:37+00:00\" \/>\n<meta property=\"og:image\" content=\"https:\/\/www.unxpected.fr\/wp-content\/uploads\/2024\/12\/IMG_3222.jpg\" \/>\n\t<meta property=\"og:image:width\" content=\"1078\" \/>\n\t<meta property=\"og:image:height\" content=\"1350\" \/>\n\t<meta property=\"og:image:type\" content=\"image\/jpeg\" \/>\n<meta name=\"twitter:card\" content=\"summary_large_image\" \/>\n<meta name=\"twitter:label1\" content=\"Est. reading time\" \/>\n\t<meta name=\"twitter:data1\" content=\"2 minutes\" \/>\n<script type=\"application\/ld+json\" class=\"yoast-schema-graph\">{\"@context\":\"https:\/\/schema.org\",\"@graph\":[{\"@type\":\"WebPage\",\"@id\":\"https:\/\/www.unxpected.fr\/evenements\/soiree-de-noel-unxpected\/\",\"url\":\"https:\/\/www.unxpected.fr\/evenements\/soiree-de-noel-unxpected\/\",\"name\":\"Soiree de Noel UNXPECTED - UNXPECTED\",\"isPartOf\":{\"@id\":\"https:\/\/www.unxpected.fr\/#website\"},\"primaryImageOfPage\":{\"@id\":\"https:\/\/www.unxpected.fr\/evenements\/soiree-de-noel-unxpected\/#primaryimage\"},\"image\":{\"@id\":\"https:\/\/www.unxpected.fr\/evenements\/soiree-de-noel-unxpected\/#primaryimage\"},\"thumbnailUrl\":\"https:\/\/www.unxpected.fr\/wp-content\/uploads\/2024\/12\/IMG_3222.jpg\",\"datePublished\":\"2024-12-02T10:40:40+00:00\",\"dateModified\":\"2025-03-20T08:57:37+00:00\",\"breadcrumb\":{\"@id\":\"https:\/\/www.unxpected.fr\/evenements\/soiree-de-noel-unxpected\/#breadcrumb\"},\"inLanguage\":\"en-US\",\"potentialAction\":[{\"@type\":\"ReadAction\",\"target\":[\"https:\/\/www.unxpected.fr\/evenements\/soiree-de-noel-unxpected\/\"]}]},{\"@type\":\"ImageObject\",\"inLanguage\":\"en-US\",\"@id\":\"https:\/\/www.unxpected.fr\/evenements\/soiree-de-noel-unxpected\/#primaryimage\",\"url\":\"https:\/\/www.unxpected.fr\/wp-content\/uploads\/2024\/12\/IMG_3222.jpg\",\"contentUrl\":\"https:\/\/www.unxpected.fr\/wp-content\/uploads\/2024\/12\/IMG_3222.jpg\",\"width\":1078,\"height\":1350,\"caption\":\"Screenshot\"},{\"@type\":\"BreadcrumbList\",\"@id\":\"https:\/\/www.unxpected.fr\/evenements\/soiree-de-noel-unxpected\/#breadcrumb\",\"itemListElement\":[{\"@type\":\"ListItem\",\"position\":1,\"name\":\"Private Porsche Club\",\"item\":\"https:\/\/www.unxpected.fr\/\"},{\"@type\":\"ListItem\",\"position\":2,\"name\":\"Products\",\"item\":\"https:\/\/www.unxpected.fr\/index.php\/shop\/\"},{\"@type\":\"ListItem\",\"position\":3,\"name\":\"\u00c9v\u00e9nements\",\"item\":\"https:\/\/www.unxpected.fr\/evenements\/\"},{\"@type\":\"ListItem\",\"position\":4,\"name\":\"Soiree de Noel UNXPECTED\"}]},{\"@type\":\"WebSite\",\"@id\":\"https:\/\/www.unxpected.fr\/#website\",\"url\":\"https:\/\/www.unxpected.fr\/\",\"name\":\"UNXPECTED\",\"description\":\"Private Porsche Club\",\"publisher\":{\"@id\":\"https:\/\/www.unxpected.fr\/#organization\"},\"potentialAction\":[{\"@type\":\"SearchAction\",\"target\":{\"@type\":\"EntryPoint\",\"urlTemplate\":\"https:\/\/www.unxpected.fr\/?s={search_term_string}\"},\"query-input\":{\"@type\":\"PropertyValueSpecification\",\"valueRequired\":true,\"valueName\":\"search_term_string\"}}],\"inLanguage\":\"en-US\"},{\"@type\":\"Organization\",\"@id\":\"https:\/\/www.unxpected.fr\/#organization\",\"name\":\"UNXPECTED\",\"url\":\"https:\/\/www.unxpected.fr\/\",\"logo\":{\"@type\":\"ImageObject\",\"inLanguage\":\"en-US\",\"@id\":\"https:\/\/www.unxpected.fr\/#\/schema\/logo\/image\/\",\"url\":\"https:\/\/www.unxpected.fr\/wp-content\/uploads\/2023\/07\/cropped-Logo_unxpected_circle_WB.png\",\"contentUrl\":\"https:\/\/www.unxpected.fr\/wp-content\/uploads\/2023\/07\/cropped-Logo_unxpected_circle_WB.png\",\"width\":512,\"height\":512,\"caption\":\"UNXPECTED\"},\"image\":{\"@id\":\"https:\/\/www.unxpected.fr\/#\/schema\/logo\/image\/\"}}]}<\/script>\n<!-- \/ Yoast SEO plugin. -->","yoast_head_json":{"title":"UNXPECTED Christmas Party - UNXPECTED","robots":{"index":"index","follow":"follow","max-snippet":"max-snippet:-1","max-image-preview":"max-image-preview:large","max-video-preview":"max-video-preview:-1"},"canonical":"https:\/\/www.unxpected.fr\/en\/evenements\/soiree-de-noel-unxpected\/","og_locale":"en_US","og_type":"article","og_title":"Soiree de Noel UNXPECTED - UNXPECTED","og_description":"\u2728 C\u00e9l\u00e9brez No\u00ebl avec UNXPECTED dans une ambiance festive et chaleureuse ! \u2728","og_url":"https:\/\/www.unxpected.fr\/en\/evenements\/soiree-de-noel-unxpected\/","og_site_name":"UNXPECTED","article_modified_time":"2025-03-20T08:57:37+00:00","og_image":[{"width":1078,"height":1350,"url":"https:\/\/www.unxpected.fr\/wp-content\/uploads\/2024\/12\/IMG_3222.jpg","type":"image\/jpeg"}],"twitter_card":"summary_large_image","twitter_misc":{"Est. reading time":"2 minutes"},"schema":{"@context":"https:\/\/schema.org","@graph":[{"@type":"WebPage","@id":"https:\/\/www.unxpected.fr\/evenements\/soiree-de-noel-unxpected\/","url":"https:\/\/www.unxpected.fr\/evenements\/soiree-de-noel-unxpected\/","name":"UNXPECTED Christmas Party - UNXPECTED","isPartOf":{"@id":"https:\/\/www.unxpected.fr\/#website"},"primaryImageOfPage":{"@id":"https:\/\/www.unxpected.fr\/evenements\/soiree-de-noel-unxpected\/#primaryimage"},"image":{"@id":"https:\/\/www.unxpected.fr\/evenements\/soiree-de-noel-unxpected\/#primaryimage"},"thumbnailUrl":"https:\/\/www.unxpected.fr\/wp-content\/uploads\/2024\/12\/IMG_3222.jpg","datePublished":"2024-12-02T10:40:40+00:00","dateModified":"2025-03-20T08:57:37+00:00","breadcrumb":{"@id":"https:\/\/www.unxpected.fr\/evenements\/soiree-de-noel-unxpected\/#breadcrumb"},"inLanguage":"en-US","potentialAction":[{"@type":"ReadAction","target":["https:\/\/www.unxpected.fr\/evenements\/soiree-de-noel-unxpected\/"]}]},{"@type":"ImageObject","inLanguage":"en-US","@id":"https:\/\/www.unxpected.fr\/evenements\/soiree-de-noel-unxpected\/#primaryimage","url":"https:\/\/www.unxpected.fr\/wp-content\/uploads\/2024\/12\/IMG_3222.jpg","contentUrl":"https:\/\/www.unxpected.fr\/wp-content\/uploads\/2024\/12\/IMG_3222.jpg","width":1078,"height":1350,"caption":"Screenshot"},{"@type":"BreadcrumbList","@id":"https:\/\/www.unxpected.fr\/evenements\/soiree-de-noel-unxpected\/#breadcrumb","itemListElement":[{"@type":"ListItem","position":1,"name":"Private Porsche Club","item":"https:\/\/www.unxpected.fr\/"},{"@type":"ListItem","position":2,"name":"Products","item":"https:\/\/www.unxpected.fr\/index.php\/shop\/"},{"@type":"ListItem","position":3,"name":"\u00c9v\u00e9nements","item":"https:\/\/www.unxpected.fr\/evenements\/"},{"@type":"ListItem","position":4,"name":"Soiree de Noel UNXPECTED"}]},{"@type":"WebSite","@id":"https:\/\/www.unxpected.fr\/#website","url":"https:\/\/www.unxpected.fr\/","name":"UNXPECTED","description":"Private Porsche Club","publisher":{"@id":"https:\/\/www.unxpected.fr\/#organization"},"potentialAction":[{"@type":"SearchAction","target":{"@type":"EntryPoint","urlTemplate":"https:\/\/www.unxpected.fr\/?s={search_term_string}"},"query-input":{"@type":"PropertyValueSpecification","valueRequired":true,"valueName":"search_term_string"}}],"inLanguage":"en-US"},{"@type":"Organization","@id":"https:\/\/www.unxpected.fr\/#organization","name":"UNXPECTED","url":"https:\/\/www.unxpected.fr\/","logo":{"@type":"ImageObject","inLanguage":"en-US","@id":"https:\/\/www.unxpected.fr\/#\/schema\/logo\/image\/","url":"https:\/\/www.unxpected.fr\/wp-content\/uploads\/2023\/07\/cropped-Logo_unxpected_circle_WB.png","contentUrl":"https:\/\/www.unxpected.fr\/wp-content\/uploads\/2023\/07\/cropped-Logo_unxpected_circle_WB.png","width":512,"height":512,"caption":"UNXPECTED"},"image":{"@id":"https:\/\/www.unxpected.fr\/#\/schema\/logo\/image\/"}}]}},"_links":{"self":[{"href":"https:\/\/www.unxpected.fr\/en\/wp-json\/wp\/v2\/product\/5787","targetHints":{"allow":["GET"]}}],"collection":[{"href":"https:\/\/www.unxpected.fr\/en\/wp-json\/wp\/v2\/product"}],"about":[{"href":"https:\/\/www.unxpected.fr\/en\/wp-json\/wp\/v2\/types\/product"}],"version-history":[{"count":27,"href":"https:\/\/www.unxpected.fr\/en\/wp-json\/wp\/v2\/product\/5787\/revisions"}],"predecessor-version":[{"id":5888,"href":"https:\/\/www.unxpected.fr\/en\/wp-json\/wp\/v2\/product\/5787\/revisions\/5888"}],"wp:featuredmedia":[{"embeddable":true,"href":"https:\/\/www.unxpected.fr\/en\/wp-json\/wp\/v2\/media\/5795"}],"wp:attachment":[{"href":"https:\/\/www.unxpected.fr\/en\/wp-json\/wp\/v2\/media?parent=5787"}],"wp:term":[{"taxonomy":"product_brand","embeddable":true,"href":"https:\/\/www.unxpected.fr\/en\/wp-json\/wp\/v2\/product_brand?post=5787"},{"taxonomy":"product_cat","embeddable":true,"href":"https:\/\/www.unxpected.fr\/en\/wp-json\/wp\/v2\/product_cat?post=5787"},{"taxonomy":"product_tag","embeddable":true,"href":"https:\/\/www.unxpected.fr\/en\/wp-json\/wp\/v2\/product_tag?post=5787"}],"curies":[{"name":"wp","href":"https:\/\/api.w.org\/{rel}","templated":true}]}}