{"id":5002,"date":"2023-11-09T14:44:05","date_gmt":"2023-11-09T13:44:05","guid":{"rendered":"https:\/\/www.unxpected.fr\/?post_type=product&#038;p=5002"},"modified":"2023-11-11T15:09:26","modified_gmt":"2023-11-11T14:09:26","slug":"unxpected-saturday-abbaye-des-vaux-de-cernay-non-membre","status":"publish","type":"product","link":"https:\/\/www.unxpected.fr\/en\/evenements\/unxpected-saturday-abbaye-des-vaux-de-cernay-non-membre\/","title":{"rendered":"Unxpected Saturday: Abbaye des Vaux-de-Cernay (non-member)"},"content":{"rendered":"<div data-elementor-type=\"product-post\" data-elementor-id=\"5002\" class=\"elementor elementor-5002\" data-elementor-post-type=\"product\">\n\t\t\t\t<div class=\"elementor-element elementor-element-b8f6527 e-flex e-con-boxed e-con e-parent\" data-id=\"b8f6527\" data-element_type=\"container\" data-e-type=\"container\">\n\t\t\t\t\t<div class=\"e-con-inner\">\n\t\t\t\t<div class=\"elementor-element elementor-element-9e8acd7 elementor-widget elementor-widget-text-editor\" data-id=\"9e8acd7\" data-element_type=\"widget\" data-e-type=\"widget\" data-widget_type=\"text-editor.default\">\n\t\t\t\t<div class=\"elementor-widget-container\">\n\t\t\t\t\t\t\t\t\t<p>Depart Paris for Les Yvelines to reach the Abbaye des Vaux-de-Cernay, located some forty kilometers south-west of the capital in the Rambouillet forest in the Chevreuse valley.&nbsp;&nbsp;<\/p>\n<p>We'll discover how this magnificent 12th century Cistercian abbey was transformed by the Paris Society into a luxury hotel with 2 bars and 4 restaurants: <em>The Hunts<\/em>the chicest restaurant offering traditional French cuisine in the former hunting lodge of the Rothschild family, <em>The Monks' Refectory <\/em>offering a spectacular setting for brunch under majestic vaulted ceilings, <em>L'Auberge <\/em>to share convivial cuisine in a lively atmosphere, and <em>La Trattoria<\/em>&nbsp;for a generous, gourmet trip to Italy in a traditional tavern.<\/p>\n<p>Headed by Laurent de Gourcuff, the trendy Paris Society group is responsible for such Parisian addresses as Apicius, le Mun, le Girafe and Perruche, as well as Maison Revka in Saint-Tropez and Piaf in Meg\u00e8ve and Courchevel.&nbsp;<\/p>\n<p>Agenda;<\/p>\n<p data-pm-slice=\"1 1 []\">09:30 to 10:00: Meeting place to be announced after registration<\/p>\n<p>10:00 am to 12:30 pm: stroll around Montfort L'Amaury in Western Paris<\/p>\n<p>12:30 to 3:00 pm: brunch at the Vaux de Cernay abbey<\/p>\n<p><\/p>\n<p>3:00 pm to 5:00 pm: activities at the Vaux de Cernay abbey, weather permitting (p\u00e9tanque, croquet, video games room, boat trip, film projection...).<\/p>\n<p><br><\/p>\n<p><i>Participants: 20 people max, 2 people per car (Porsche only)<\/i><\/p>\t\t\t\t\t\t\t\t<\/div>\n\t\t\t\t<\/div>\n\t\t\t\t\t<\/div>\n\t\t\t\t<\/div>\n\t\t<div class=\"elementor-element elementor-element-a0ad30c e-con-full e-flex e-con e-parent\" data-id=\"a0ad30c\" data-element_type=\"container\" data-e-type=\"container\">\n\t\t<div class=\"elementor-element elementor-element-2c633da e-con-full e-flex e-con e-parent\" data-id=\"2c633da\" data-element_type=\"container\" data-e-type=\"container\" data-settings=\"{&quot;background_background&quot;:&quot;classic&quot;}\">\n\t\t\t\t<div class=\"elementor-element elementor-element-9e46db5 elementor-widget elementor-widget-spacer\" data-id=\"9e46db5\" data-element_type=\"widget\" data-e-type=\"widget\" data-widget_type=\"spacer.default\">\n\t\t\t\t<div class=\"elementor-widget-container\">\n\t\t\t\t\t\t\t<div class=\"elementor-spacer\">\n\t\t\t<div class=\"elementor-spacer-inner\"><\/div>\n\t\t<\/div>\n\t\t\t\t\t\t<\/div>\n\t\t\t\t<\/div>\n\t\t\t\t<\/div>\n\t\t<div class=\"elementor-element elementor-element-d295e0b e-con-full e-flex e-con e-parent\" data-id=\"d295e0b\" data-element_type=\"container\" data-e-type=\"container\">\n\t\t\t\t<div class=\"elementor-element elementor-element-b66862a elementor-widget elementor-widget-heading\" data-id=\"b66862a\" data-element_type=\"widget\" data-e-type=\"widget\" data-widget_type=\"heading.default\">\n\t\t\t\t<div class=\"elementor-widget-container\">\n\t\t\t\t\t<h2 class=\"elementor-heading-title elementor-size-default\">Abbaye des Vaux-de-Cernay<\/h2>\t\t\t\t<\/div>\n\t\t\t\t<\/div>\n\t\t\t\t<div class=\"elementor-element elementor-element-8b79c08 elementor-widget elementor-widget-text-editor\" data-id=\"8b79c08\" data-element_type=\"widget\" data-e-type=\"widget\" data-widget_type=\"text-editor.default\">\n\t\t\t\t<div class=\"elementor-widget-container\">\n\t\t\t\t\t\t\t\t\t<p>This majestic estate, from Cistercian genesis to the golden age of the Rothschilds, resonates with 900 years of history.<\/p><p>The establishment will reopen this autumn under the Paris Society umbrella to become the must-visit hotel in the Vall\u00e9e de Chevreuse.<\/p>\t\t\t\t\t\t\t\t<\/div>\n\t\t\t\t<\/div>\n\t\t\t\t<div class=\"elementor-element elementor-element-b8dbc70 elementor-widget elementor-widget-button\" data-id=\"b8dbc70\" data-element_type=\"widget\" data-e-type=\"widget\" data-widget_type=\"button.default\">\n\t\t\t\t<div class=\"elementor-widget-container\">\n\t\t\t\t\t\t\t\t\t<div class=\"elementor-button-wrapper\">\n\t\t\t\t\t<a class=\"elementor-button elementor-button-link elementor-size-sm\" href=\"https:\/\/www.abbayedesvauxdecernay.com\/\" target=\"_blank\">\n\t\t\t\t\t\t<span class=\"elementor-button-content-wrapper\">\n\t\t\t\t\t\t<span class=\"elementor-button-icon\">\n\t\t\t\t<svg aria-hidden=\"true\" class=\"e-font-icon-svg e-fas-chevron-right\" viewbox=\"0 0 320 512\" xmlns=\"http:\/\/www.w3.org\/2000\/svg\"><path d=\"M285.476 272.971L91.132 467.314c-9.373 9.373-24.569 9.373-33.941 0l-22.667-22.667c-9.357-9.357-9.375-24.522-.04-33.901L188.505 256 34.484 101.255c-9.335-9.379-9.317-24.544.04-33.901l22.667-22.667c9.373-9.373 24.569-9.373 33.941 0L285.475 239.03c9.373 9.372 9.373 24.568.001 33.941z\"><\/path><\/svg>\t\t\t<\/span>\n\t\t\t\t\t\t\t\t\t<span class=\"elementor-button-text\">Read more<\/span>\n\t\t\t\t\t<\/span>\n\t\t\t\t\t<\/a>\n\t\t\t\t<\/div>\n\t\t\t\t\t\t\t\t<\/div>\n\t\t\t\t<\/div>\n\t\t\t\t<\/div>\n\t\t\t\t<\/div>\n\t\t<div class=\"elementor-element elementor-element-c7f54dd e-flex e-con-boxed e-con e-parent\" data-id=\"c7f54dd\" data-element_type=\"container\" data-e-type=\"container\">\n\t\t\t\t\t<div class=\"e-con-inner\">\n\t\t\t\t<div class=\"elementor-element elementor-element-81615c7 elementor-widget elementor-widget-video\" data-id=\"81615c7\" data-element_type=\"widget\" data-e-type=\"widget\" data-settings=\"{&quot;youtube_url&quot;:&quot;https:\\\/\\\/www.youtube.com\\\/watch?v=LwalDof4WDM&amp;ab_channel=PARISSOCIETY&quot;,&quot;video_type&quot;:&quot;youtube&quot;,&quot;controls&quot;:&quot;yes&quot;}\" data-widget_type=\"video.default\">\n\t\t\t\t<div class=\"elementor-widget-container\">\n\t\t\t\t\t\t\t<div class=\"elementor-wrapper elementor-open-inline\">\n\t\t\t<div class=\"elementor-video\"><\/div>\t\t<\/div>\n\t\t\t\t\t\t<\/div>\n\t\t\t\t<\/div>\n\t\t\t\t\t<\/div>\n\t\t\t\t<\/div>\n\t\t<div class=\"elementor-element elementor-element-28854f3 e-flex e-con-boxed e-con e-parent\" data-id=\"28854f3\" data-element_type=\"container\" data-e-type=\"container\">\n\t\t\t\t\t<div class=\"e-con-inner\">\n\t\t\t\t\t<\/div>\n\t\t\t\t<\/div>\n\t\t\t\t<\/div>","protected":false},"excerpt":{"rendered":"<div>Stroll from Paris to the Vall\u00e9e de Chevreuse and brunch in the heart of a Cistercian abbey restored by Paris Society.<\/div>","protected":false},"featured_media":4329,"template":"","meta":{"_acf_changed":false},"product_brand":[],"product_cat":[23,39],"product_tag":[37],"class_list":{"0":"post-5002","1":"product","2":"type-product","3":"status-publish","4":"has-post-thumbnail","6":"product_cat-evenements","7":"product_cat-public","8":"product_tag-public","10":"first","11":"instock","12":"taxable","13":"shipping-taxable","14":"purchasable","15":"product-type-simple"},"acf":[],"yoast_head":"<!-- This site is optimized with the Yoast SEO plugin v27.1.1 - https:\/\/yoast.com\/product\/yoast-seo-wordpress\/ -->\n<title>Unxpected Saturday: Abbaye des Vaux-de-Cernay (non membre) - UNXPECTED<\/title>\n<meta name=\"robots\" content=\"index, follow, max-snippet:-1, max-image-preview:large, max-video-preview:-1\" \/>\n<link rel=\"canonical\" href=\"https:\/\/www.unxpected.fr\/en\/evenements\/unxpected-saturday-abbaye-des-vaux-de-cernay-non-membre\/\" \/>\n<meta property=\"og:locale\" content=\"en_US\" \/>\n<meta property=\"og:type\" content=\"article\" \/>\n<meta property=\"og:title\" content=\"Unxpected Saturday: Abbaye des Vaux-de-Cernay (non membre) - UNXPECTED\" \/>\n<meta property=\"og:description\" content=\"Balade de Paris en Vall\u00e9e de Chevreuse et brunch au coeur de l&#039;abbaye cistercienne r\u00e9habilit\u00e9e par Paris Society\" \/>\n<meta property=\"og:url\" content=\"https:\/\/www.unxpected.fr\/en\/evenements\/unxpected-saturday-abbaye-des-vaux-de-cernay-non-membre\/\" \/>\n<meta property=\"og:site_name\" content=\"UNXPECTED\" \/>\n<meta property=\"article:modified_time\" content=\"2023-11-11T14:09:26+00:00\" \/>\n<meta property=\"og:image\" content=\"https:\/\/www.unxpected.fr\/wp-content\/uploads\/2023\/09\/vaux.jpeg\" \/>\n\t<meta property=\"og:image:width\" content=\"900\" \/>\n\t<meta property=\"og:image:height\" content=\"600\" \/>\n\t<meta property=\"og:image:type\" content=\"image\/jpeg\" \/>\n<meta name=\"twitter:card\" content=\"summary_large_image\" \/>\n<meta name=\"twitter:label1\" content=\"Est. reading time\" \/>\n\t<meta name=\"twitter:data1\" content=\"2 minutes\" \/>\n<script type=\"application\/ld+json\" class=\"yoast-schema-graph\">{\"@context\":\"https:\/\/schema.org\",\"@graph\":[{\"@type\":\"WebPage\",\"@id\":\"https:\/\/www.unxpected.fr\/evenements\/unxpected-saturday-abbaye-des-vaux-de-cernay-non-membre\/\",\"url\":\"https:\/\/www.unxpected.fr\/evenements\/unxpected-saturday-abbaye-des-vaux-de-cernay-non-membre\/\",\"name\":\"Unxpected Saturday: Abbaye des Vaux-de-Cernay (non membre) - UNXPECTED\",\"isPartOf\":{\"@id\":\"https:\/\/www.unxpected.fr\/#website\"},\"primaryImageOfPage\":{\"@id\":\"https:\/\/www.unxpected.fr\/evenements\/unxpected-saturday-abbaye-des-vaux-de-cernay-non-membre\/#primaryimage\"},\"image\":{\"@id\":\"https:\/\/www.unxpected.fr\/evenements\/unxpected-saturday-abbaye-des-vaux-de-cernay-non-membre\/#primaryimage\"},\"thumbnailUrl\":\"https:\/\/www.unxpected.fr\/wp-content\/uploads\/2023\/09\/vaux.jpeg\",\"datePublished\":\"2023-11-09T13:44:05+00:00\",\"dateModified\":\"2023-11-11T14:09:26+00:00\",\"breadcrumb\":{\"@id\":\"https:\/\/www.unxpected.fr\/evenements\/unxpected-saturday-abbaye-des-vaux-de-cernay-non-membre\/#breadcrumb\"},\"inLanguage\":\"en-US\",\"potentialAction\":[{\"@type\":\"ReadAction\",\"target\":[\"https:\/\/www.unxpected.fr\/evenements\/unxpected-saturday-abbaye-des-vaux-de-cernay-non-membre\/\"]}]},{\"@type\":\"ImageObject\",\"inLanguage\":\"en-US\",\"@id\":\"https:\/\/www.unxpected.fr\/evenements\/unxpected-saturday-abbaye-des-vaux-de-cernay-non-membre\/#primaryimage\",\"url\":\"https:\/\/www.unxpected.fr\/wp-content\/uploads\/2023\/09\/vaux.jpeg\",\"contentUrl\":\"https:\/\/www.unxpected.fr\/wp-content\/uploads\/2023\/09\/vaux.jpeg\",\"width\":900,\"height\":600},{\"@type\":\"BreadcrumbList\",\"@id\":\"https:\/\/www.unxpected.fr\/evenements\/unxpected-saturday-abbaye-des-vaux-de-cernay-non-membre\/#breadcrumb\",\"itemListElement\":[{\"@type\":\"ListItem\",\"position\":1,\"name\":\"Private Porsche Club\",\"item\":\"https:\/\/www.unxpected.fr\/\"},{\"@type\":\"ListItem\",\"position\":2,\"name\":\"Products\",\"item\":\"https:\/\/www.unxpected.fr\/index.php\/shop\/\"},{\"@type\":\"ListItem\",\"position\":3,\"name\":\"\u00c9v\u00e9nements\",\"item\":\"https:\/\/www.unxpected.fr\/evenements\/\"},{\"@type\":\"ListItem\",\"position\":4,\"name\":\"Unxpected Saturday: Abbaye des Vaux-de-Cernay (non membre)\"}]},{\"@type\":\"WebSite\",\"@id\":\"https:\/\/www.unxpected.fr\/#website\",\"url\":\"https:\/\/www.unxpected.fr\/\",\"name\":\"UNXPECTED\",\"description\":\"Private Porsche Club\",\"publisher\":{\"@id\":\"https:\/\/www.unxpected.fr\/#organization\"},\"potentialAction\":[{\"@type\":\"SearchAction\",\"target\":{\"@type\":\"EntryPoint\",\"urlTemplate\":\"https:\/\/www.unxpected.fr\/?s={search_term_string}\"},\"query-input\":{\"@type\":\"PropertyValueSpecification\",\"valueRequired\":true,\"valueName\":\"search_term_string\"}}],\"inLanguage\":\"en-US\"},{\"@type\":\"Organization\",\"@id\":\"https:\/\/www.unxpected.fr\/#organization\",\"name\":\"UNXPECTED\",\"url\":\"https:\/\/www.unxpected.fr\/\",\"logo\":{\"@type\":\"ImageObject\",\"inLanguage\":\"en-US\",\"@id\":\"https:\/\/www.unxpected.fr\/#\/schema\/logo\/image\/\",\"url\":\"https:\/\/www.unxpected.fr\/wp-content\/uploads\/2023\/07\/cropped-Logo_unxpected_circle_WB.png\",\"contentUrl\":\"https:\/\/www.unxpected.fr\/wp-content\/uploads\/2023\/07\/cropped-Logo_unxpected_circle_WB.png\",\"width\":512,\"height\":512,\"caption\":\"UNXPECTED\"},\"image\":{\"@id\":\"https:\/\/www.unxpected.fr\/#\/schema\/logo\/image\/\"}}]}<\/script>\n<!-- \/ Yoast SEO plugin. -->","yoast_head_json":{"title":"Unxpected Saturday: Abbaye des Vaux-de-Cernay (non-member) - UNXPECTED","robots":{"index":"index","follow":"follow","max-snippet":"max-snippet:-1","max-image-preview":"max-image-preview:large","max-video-preview":"max-video-preview:-1"},"canonical":"https:\/\/www.unxpected.fr\/en\/evenements\/unxpected-saturday-abbaye-des-vaux-de-cernay-non-membre\/","og_locale":"en_US","og_type":"article","og_title":"Unxpected Saturday: Abbaye des Vaux-de-Cernay (non membre) - UNXPECTED","og_description":"Balade de Paris en Vall\u00e9e de Chevreuse et brunch au coeur de l'abbaye cistercienne r\u00e9habilit\u00e9e par Paris Society","og_url":"https:\/\/www.unxpected.fr\/en\/evenements\/unxpected-saturday-abbaye-des-vaux-de-cernay-non-membre\/","og_site_name":"UNXPECTED","article_modified_time":"2023-11-11T14:09:26+00:00","og_image":[{"width":900,"height":600,"url":"https:\/\/www.unxpected.fr\/wp-content\/uploads\/2023\/09\/vaux.jpeg","type":"image\/jpeg"}],"twitter_card":"summary_large_image","twitter_misc":{"Est. reading time":"2 minutes"},"schema":{"@context":"https:\/\/schema.org","@graph":[{"@type":"WebPage","@id":"https:\/\/www.unxpected.fr\/evenements\/unxpected-saturday-abbaye-des-vaux-de-cernay-non-membre\/","url":"https:\/\/www.unxpected.fr\/evenements\/unxpected-saturday-abbaye-des-vaux-de-cernay-non-membre\/","name":"Unxpected Saturday: Abbaye des Vaux-de-Cernay (non-member) - UNXPECTED","isPartOf":{"@id":"https:\/\/www.unxpected.fr\/#website"},"primaryImageOfPage":{"@id":"https:\/\/www.unxpected.fr\/evenements\/unxpected-saturday-abbaye-des-vaux-de-cernay-non-membre\/#primaryimage"},"image":{"@id":"https:\/\/www.unxpected.fr\/evenements\/unxpected-saturday-abbaye-des-vaux-de-cernay-non-membre\/#primaryimage"},"thumbnailUrl":"https:\/\/www.unxpected.fr\/wp-content\/uploads\/2023\/09\/vaux.jpeg","datePublished":"2023-11-09T13:44:05+00:00","dateModified":"2023-11-11T14:09:26+00:00","breadcrumb":{"@id":"https:\/\/www.unxpected.fr\/evenements\/unxpected-saturday-abbaye-des-vaux-de-cernay-non-membre\/#breadcrumb"},"inLanguage":"en-US","potentialAction":[{"@type":"ReadAction","target":["https:\/\/www.unxpected.fr\/evenements\/unxpected-saturday-abbaye-des-vaux-de-cernay-non-membre\/"]}]},{"@type":"ImageObject","inLanguage":"en-US","@id":"https:\/\/www.unxpected.fr\/evenements\/unxpected-saturday-abbaye-des-vaux-de-cernay-non-membre\/#primaryimage","url":"https:\/\/www.unxpected.fr\/wp-content\/uploads\/2023\/09\/vaux.jpeg","contentUrl":"https:\/\/www.unxpected.fr\/wp-content\/uploads\/2023\/09\/vaux.jpeg","width":900,"height":600},{"@type":"BreadcrumbList","@id":"https:\/\/www.unxpected.fr\/evenements\/unxpected-saturday-abbaye-des-vaux-de-cernay-non-membre\/#breadcrumb","itemListElement":[{"@type":"ListItem","position":1,"name":"Private Porsche Club","item":"https:\/\/www.unxpected.fr\/"},{"@type":"ListItem","position":2,"name":"Products","item":"https:\/\/www.unxpected.fr\/index.php\/shop\/"},{"@type":"ListItem","position":3,"name":"\u00c9v\u00e9nements","item":"https:\/\/www.unxpected.fr\/evenements\/"},{"@type":"ListItem","position":4,"name":"Unxpected Saturday: Abbaye des Vaux-de-Cernay (non membre)"}]},{"@type":"WebSite","@id":"https:\/\/www.unxpected.fr\/#website","url":"https:\/\/www.unxpected.fr\/","name":"UNXPECTED","description":"Private Porsche Club","publisher":{"@id":"https:\/\/www.unxpected.fr\/#organization"},"potentialAction":[{"@type":"SearchAction","target":{"@type":"EntryPoint","urlTemplate":"https:\/\/www.unxpected.fr\/?s={search_term_string}"},"query-input":{"@type":"PropertyValueSpecification","valueRequired":true,"valueName":"search_term_string"}}],"inLanguage":"en-US"},{"@type":"Organization","@id":"https:\/\/www.unxpected.fr\/#organization","name":"UNXPECTED","url":"https:\/\/www.unxpected.fr\/","logo":{"@type":"ImageObject","inLanguage":"en-US","@id":"https:\/\/www.unxpected.fr\/#\/schema\/logo\/image\/","url":"https:\/\/www.unxpected.fr\/wp-content\/uploads\/2023\/07\/cropped-Logo_unxpected_circle_WB.png","contentUrl":"https:\/\/www.unxpected.fr\/wp-content\/uploads\/2023\/07\/cropped-Logo_unxpected_circle_WB.png","width":512,"height":512,"caption":"UNXPECTED"},"image":{"@id":"https:\/\/www.unxpected.fr\/#\/schema\/logo\/image\/"}}]}},"_links":{"self":[{"href":"https:\/\/www.unxpected.fr\/en\/wp-json\/wp\/v2\/product\/5002","targetHints":{"allow":["GET"]}}],"collection":[{"href":"https:\/\/www.unxpected.fr\/en\/wp-json\/wp\/v2\/product"}],"about":[{"href":"https:\/\/www.unxpected.fr\/en\/wp-json\/wp\/v2\/types\/product"}],"version-history":[{"count":20,"href":"https:\/\/www.unxpected.fr\/en\/wp-json\/wp\/v2\/product\/5002\/revisions"}],"predecessor-version":[{"id":5039,"href":"https:\/\/www.unxpected.fr\/en\/wp-json\/wp\/v2\/product\/5002\/revisions\/5039"}],"wp:featuredmedia":[{"embeddable":true,"href":"https:\/\/www.unxpected.fr\/en\/wp-json\/wp\/v2\/media\/4329"}],"wp:attachment":[{"href":"https:\/\/www.unxpected.fr\/en\/wp-json\/wp\/v2\/media?parent=5002"}],"wp:term":[{"taxonomy":"product_brand","embeddable":true,"href":"https:\/\/www.unxpected.fr\/en\/wp-json\/wp\/v2\/product_brand?post=5002"},{"taxonomy":"product_cat","embeddable":true,"href":"https:\/\/www.unxpected.fr\/en\/wp-json\/wp\/v2\/product_cat?post=5002"},{"taxonomy":"product_tag","embeddable":true,"href":"https:\/\/www.unxpected.fr\/en\/wp-json\/wp\/v2\/product_tag?post=5002"}],"curies":[{"name":"wp","href":"https:\/\/api.w.org\/{rel}","templated":true}]}}