{"id":297,"date":"2022-11-17T14:49:15","date_gmt":"2022-11-17T13:49:15","guid":{"rendered":"https:\/\/www.unxpected.fr\/index.php\/my-account\/"},"modified":"2023-01-23T15:11:21","modified_gmt":"2023-01-23T14:11:21","slug":"compte","status":"publish","type":"page","link":"https:\/\/www.unxpected.fr\/en\/compte\/","title":{"rendered":"Your account"},"content":{"rendered":"<div data-elementor-type=\"wp-page\" data-elementor-id=\"297\" class=\"elementor elementor-297\" data-elementor-post-type=\"page\">\n\t\t\t\t<section class=\"elementor-element elementor-element-3eb0986 e-flex e-con-boxed e-con e-parent\" data-id=\"3eb0986\" data-element_type=\"container\" data-e-type=\"container\">\n\t\t\t\t\t<div class=\"e-con-inner\">\n\t\t<div class=\"elementor-element elementor-element-bc894cd e-flex e-con-boxed e-con e-parent\" data-id=\"bc894cd\" data-element_type=\"container\" data-e-type=\"container\">\n\t\t\t\t\t<div class=\"e-con-inner\">\n\t\t\t\t<div class=\"elementor-element elementor-element-91c1482 elementor-widget elementor-widget-heading\" data-id=\"91c1482\" data-element_type=\"widget\" data-e-type=\"widget\" data-widget_type=\"heading.default\">\n\t\t\t\t<div class=\"elementor-widget-container\">\n\t\t\t\t\t<h1 class=\"elementor-heading-title elementor-size-default\">Your UNXPECTED account<\/h1>\t\t\t\t<\/div>\n\t\t\t\t<\/div>\n\t\t\t\t<div class=\"elementor-element elementor-element-8011dd5 elementor-widget elementor-widget-text-editor\" data-id=\"8011dd5\" data-element_type=\"widget\" data-e-type=\"widget\" data-widget_type=\"text-editor.default\">\n\t\t\t\t<div class=\"elementor-widget-container\">\n\t\t\t\t\t\t\t\t\t<p>Find here all the information related to your UNXPECTED account.<\/p>\n<p>Please feel free to contact us with any questions about your account or billing.<\/p>\t\t\t\t\t\t\t\t<\/div>\n\t\t\t\t<\/div>\n\t\t\t\t\t<\/div>\n\t\t\t\t<\/div>\n\t\t\t\t\t<\/div>\n\t\t\t\t<\/section>\n\t\t<section class=\"elementor-element elementor-element-4ac3b86 e-flex e-con-boxed e-con e-parent\" data-id=\"4ac3b86\" data-element_type=\"container\" data-e-type=\"container\">\n\t\t\t\t\t<div class=\"e-con-inner\">\n\t\t<div class=\"elementor-element elementor-element-0567956 e-flex e-con-boxed e-con e-parent\" data-id=\"0567956\" data-element_type=\"container\" data-e-type=\"container\">\n\t\t\t\t\t<div class=\"e-con-inner\">\n\t\t\t\t<div class=\"elementor-element elementor-element-8eb1dc1 e-my-account-tabs-horizontal elementor-widget elementor-widget-woocommerce-my-account\" data-id=\"8eb1dc1\" data-element_type=\"widget\" data-e-type=\"widget\" data-widget_type=\"woocommerce-my-account.default\">\n\t\t\t\t<div class=\"elementor-widget-container\">\n\t\t\t\t\t<div class=\"e-my-account-tab e-my-account-tab__\">\t\t\t<div class=\"woocommerce\"><\/div>\t\t<\/div>\n\t\t\t\t\t\t<\/div>\n\t\t\t\t<\/div>\n\t\t\t\t\t<\/div>\n\t\t\t\t<\/div>\n\t\t\t\t\t<\/div>\n\t\t\t\t<\/section>\n\t\t\t\t<section class=\"elementor-section elementor-top-section elementor-element elementor-element-59d162f elementor-section-height-min-height elementor-section-boxed elementor-section-height-default elementor-section-items-middle\" data-id=\"59d162f\" data-element_type=\"section\" data-e-type=\"section\" data-settings=\"{&quot;background_background&quot;:&quot;classic&quot;}\">\n\t\t\t\t\t\t\t<div class=\"elementor-background-overlay\"><\/div>\n\t\t\t\t\t\t\t<div class=\"elementor-container elementor-column-gap-default\">\n\t\t\t\t\t<div class=\"elementor-column elementor-col-100 elementor-top-column elementor-element elementor-element-ea2e7dc\" data-id=\"ea2e7dc\" data-element_type=\"column\" data-e-type=\"column\">\n\t\t\t<div class=\"elementor-widget-wrap elementor-element-populated\">\n\t\t\t\t\t\t<div class=\"elementor-element elementor-element-46bd93e elementor-widget elementor-widget-heading\" data-id=\"46bd93e\" data-element_type=\"widget\" data-e-type=\"widget\" data-widget_type=\"heading.default\">\n\t\t\t\t<div class=\"elementor-widget-container\">\n\t\t\t\t\t<h2 class=\"elementor-heading-title elementor-size-default\">at your service<\/h2>\t\t\t\t<\/div>\n\t\t\t\t<\/div>\n\t\t\t\t<div class=\"elementor-element elementor-element-b632223 elementor-widget elementor-widget-text-editor\" data-id=\"b632223\" data-element_type=\"widget\" data-e-type=\"widget\" data-widget_type=\"text-editor.default\">\n\t\t\t\t<div class=\"elementor-widget-container\">\n\t\t\t\t\t\t\t\t\t<p>UNXPECTED is at your disposal to assist you in using your Porsche. We have a large network of service providers who can help you enjoy your Porsche more easily. Just ask and we will get back to you as soon as possible.<\/p>\t\t\t\t\t\t\t\t<\/div>\n\t\t\t\t<\/div>\n\t\t\t\t<div class=\"elementor-element elementor-element-b8f86a3 elementor-align-left elementor-widget elementor-widget-button\" data-id=\"b8f86a3\" data-element_type=\"widget\" data-e-type=\"widget\" data-widget_type=\"button.default\">\n\t\t\t\t<div class=\"elementor-widget-container\">\n\t\t\t\t\t\t\t\t\t<div class=\"elementor-button-wrapper\">\n\t\t\t\t\t<a class=\"elementor-button elementor-button-link elementor-size-sm\" href=\"#\">\n\t\t\t\t\t\t<span class=\"elementor-button-content-wrapper\">\n\t\t\t\t\t\t<span class=\"elementor-button-icon\">\n\t\t\t\t<svg aria-hidden=\"true\" class=\"e-font-icon-svg e-fas-angle-right\" viewbox=\"0 0 256 512\" xmlns=\"http:\/\/www.w3.org\/2000\/svg\"><path d=\"M224.3 273l-136 136c-9.4 9.4-24.6 9.4-33.9 0l-22.6-22.6c-9.4-9.4-9.4-24.6 0-33.9l96.4-96.4-96.4-96.4c-9.4-9.4-9.4-24.6 0-33.9L54.3 103c9.4-9.4 24.6-9.4 33.9 0l136 136c9.5 9.4 9.5 24.6.1 34z\"><\/path><\/svg>\t\t\t<\/span>\n\t\t\t\t\t\t\t\t\t<span class=\"elementor-button-text\">Read more<\/span>\n\t\t\t\t\t<\/span>\n\t\t\t\t\t<\/a>\n\t\t\t\t<\/div>\n\t\t\t\t\t\t\t\t<\/div>\n\t\t\t\t<\/div>\n\t\t\t\t\t<\/div>\n\t\t<\/div>\n\t\t\t\t\t<\/div>\n\t\t<\/section>\n\t\t\t\t<\/div>","protected":false},"excerpt":{"rendered":"<p>Votre compte UNXPECTED Retrouvez ici toutes les informations relatives \u00e0 votre compte UNXPECTED. N&rsquo;h\u00e9sitez pas \u00e0 nous contacter pour toute question sur votre compte ou votre facturation. Accueil Commandes T\u00e9l\u00e9chargements Adresses Payment methods D\u00e9tails D\u00e9connexion Accueil Commandes T\u00e9l\u00e9chargements Adresses Payment methods D\u00e9tails D\u00e9connexion Accueil Commandes T\u00e9l\u00e9chargements Adresses Payment methods D\u00e9tails D\u00e9connexion Accueil Commandes T\u00e9l\u00e9chargements Adresses [&hellip;]<\/p>\n","protected":false},"author":1,"featured_media":0,"parent":0,"menu_order":0,"comment_status":"closed","ping_status":"closed","template":"","meta":{"_acf_changed":false,"footnotes":""},"class_list":["post-297","page","type-page","status-publish","hentry"],"acf":[],"yoast_head":"<!-- This site is optimized with the Yoast SEO plugin v27.1.1 - https:\/\/yoast.com\/product\/yoast-seo-wordpress\/ -->\n<title>Votre compte - UNXPECTED<\/title>\n<meta name=\"robots\" content=\"index, follow, max-snippet:-1, max-image-preview:large, max-video-preview:-1\" \/>\n<link rel=\"canonical\" href=\"https:\/\/www.unxpected.fr\/en\/compte\/\" \/>\n<meta property=\"og:locale\" content=\"en_US\" \/>\n<meta property=\"og:type\" content=\"article\" \/>\n<meta property=\"og:title\" content=\"Votre compte - UNXPECTED\" \/>\n<meta property=\"og:description\" content=\"Votre compte UNXPECTED Retrouvez ici toutes les informations relatives \u00e0 votre compte UNXPECTED. N&rsquo;h\u00e9sitez pas \u00e0 nous contacter pour toute question sur votre compte ou votre facturation. Accueil Commandes T\u00e9l\u00e9chargements Adresses Payment methods D\u00e9tails D\u00e9connexion Accueil Commandes T\u00e9l\u00e9chargements Adresses Payment methods D\u00e9tails D\u00e9connexion Accueil Commandes T\u00e9l\u00e9chargements Adresses Payment methods D\u00e9tails D\u00e9connexion Accueil Commandes T\u00e9l\u00e9chargements Adresses [&hellip;]\" \/>\n<meta property=\"og:url\" content=\"https:\/\/www.unxpected.fr\/en\/compte\/\" \/>\n<meta property=\"og:site_name\" content=\"UNXPECTED\" \/>\n<meta property=\"article:modified_time\" content=\"2023-01-23T14:11:21+00:00\" \/>\n<meta property=\"og:image\" content=\"https:\/\/www.unxpected.fr\/wp-content\/uploads\/2022\/12\/Logo_unxpected_rectangle_BW.png\" \/>\n\t<meta property=\"og:image:width\" content=\"1842\" \/>\n\t<meta property=\"og:image:height\" content=\"860\" \/>\n\t<meta property=\"og:image:type\" content=\"image\/png\" \/>\n<meta name=\"twitter:card\" content=\"summary_large_image\" \/>\n<meta name=\"twitter:label1\" content=\"Est. reading time\" \/>\n\t<meta name=\"twitter:data1\" content=\"2 minutes\" \/>\n<script type=\"application\/ld+json\" class=\"yoast-schema-graph\">{\"@context\":\"https:\/\/schema.org\",\"@graph\":[{\"@type\":\"WebPage\",\"@id\":\"https:\/\/www.unxpected.fr\/compte\/\",\"url\":\"https:\/\/www.unxpected.fr\/compte\/\",\"name\":\"Votre compte - UNXPECTED\",\"isPartOf\":{\"@id\":\"https:\/\/www.unxpected.fr\/#website\"},\"datePublished\":\"2022-11-17T13:49:15+00:00\",\"dateModified\":\"2023-01-23T14:11:21+00:00\",\"breadcrumb\":{\"@id\":\"https:\/\/www.unxpected.fr\/compte\/#breadcrumb\"},\"inLanguage\":\"en-US\",\"potentialAction\":[{\"@type\":\"ReadAction\",\"target\":[\"https:\/\/www.unxpected.fr\/compte\/\"]}]},{\"@type\":\"BreadcrumbList\",\"@id\":\"https:\/\/www.unxpected.fr\/compte\/#breadcrumb\",\"itemListElement\":[{\"@type\":\"ListItem\",\"position\":1,\"name\":\"Private Porsche Club\",\"item\":\"https:\/\/www.unxpected.fr\/\"},{\"@type\":\"ListItem\",\"position\":2,\"name\":\"Votre compte\"}]},{\"@type\":\"WebSite\",\"@id\":\"https:\/\/www.unxpected.fr\/#website\",\"url\":\"https:\/\/www.unxpected.fr\/\",\"name\":\"UNXPECTED\",\"description\":\"Private Porsche Club\",\"publisher\":{\"@id\":\"https:\/\/www.unxpected.fr\/#organization\"},\"potentialAction\":[{\"@type\":\"SearchAction\",\"target\":{\"@type\":\"EntryPoint\",\"urlTemplate\":\"https:\/\/www.unxpected.fr\/?s={search_term_string}\"},\"query-input\":{\"@type\":\"PropertyValueSpecification\",\"valueRequired\":true,\"valueName\":\"search_term_string\"}}],\"inLanguage\":\"en-US\"},{\"@type\":\"Organization\",\"@id\":\"https:\/\/www.unxpected.fr\/#organization\",\"name\":\"UNXPECTED\",\"url\":\"https:\/\/www.unxpected.fr\/\",\"logo\":{\"@type\":\"ImageObject\",\"inLanguage\":\"en-US\",\"@id\":\"https:\/\/www.unxpected.fr\/#\/schema\/logo\/image\/\",\"url\":\"https:\/\/www.unxpected.fr\/wp-content\/uploads\/2023\/07\/cropped-Logo_unxpected_circle_WB.png\",\"contentUrl\":\"https:\/\/www.unxpected.fr\/wp-content\/uploads\/2023\/07\/cropped-Logo_unxpected_circle_WB.png\",\"width\":512,\"height\":512,\"caption\":\"UNXPECTED\"},\"image\":{\"@id\":\"https:\/\/www.unxpected.fr\/#\/schema\/logo\/image\/\"}}]}<\/script>\n<!-- \/ Yoast SEO plugin. -->","yoast_head_json":{"title":"Your account - UNXPECTED","robots":{"index":"index","follow":"follow","max-snippet":"max-snippet:-1","max-image-preview":"max-image-preview:large","max-video-preview":"max-video-preview:-1"},"canonical":"https:\/\/www.unxpected.fr\/en\/compte\/","og_locale":"en_US","og_type":"article","og_title":"Votre compte - UNXPECTED","og_description":"Votre compte UNXPECTED Retrouvez ici toutes les informations relatives \u00e0 votre compte UNXPECTED. N&rsquo;h\u00e9sitez pas \u00e0 nous contacter pour toute question sur votre compte ou votre facturation. Accueil Commandes T\u00e9l\u00e9chargements Adresses Payment methods D\u00e9tails D\u00e9connexion Accueil Commandes T\u00e9l\u00e9chargements Adresses Payment methods D\u00e9tails D\u00e9connexion Accueil Commandes T\u00e9l\u00e9chargements Adresses Payment methods D\u00e9tails D\u00e9connexion Accueil Commandes T\u00e9l\u00e9chargements Adresses [&hellip;]","og_url":"https:\/\/www.unxpected.fr\/en\/compte\/","og_site_name":"UNXPECTED","article_modified_time":"2023-01-23T14:11:21+00:00","og_image":[{"width":1842,"height":860,"url":"https:\/\/www.unxpected.fr\/wp-content\/uploads\/2022\/12\/Logo_unxpected_rectangle_BW.png","type":"image\/png"}],"twitter_card":"summary_large_image","twitter_misc":{"Est. reading time":"2 minutes"},"schema":{"@context":"https:\/\/schema.org","@graph":[{"@type":"WebPage","@id":"https:\/\/www.unxpected.fr\/compte\/","url":"https:\/\/www.unxpected.fr\/compte\/","name":"Your account - UNXPECTED","isPartOf":{"@id":"https:\/\/www.unxpected.fr\/#website"},"datePublished":"2022-11-17T13:49:15+00:00","dateModified":"2023-01-23T14:11:21+00:00","breadcrumb":{"@id":"https:\/\/www.unxpected.fr\/compte\/#breadcrumb"},"inLanguage":"en-US","potentialAction":[{"@type":"ReadAction","target":["https:\/\/www.unxpected.fr\/compte\/"]}]},{"@type":"BreadcrumbList","@id":"https:\/\/www.unxpected.fr\/compte\/#breadcrumb","itemListElement":[{"@type":"ListItem","position":1,"name":"Private Porsche Club","item":"https:\/\/www.unxpected.fr\/"},{"@type":"ListItem","position":2,"name":"Votre compte"}]},{"@type":"WebSite","@id":"https:\/\/www.unxpected.fr\/#website","url":"https:\/\/www.unxpected.fr\/","name":"UNXPECTED","description":"Private Porsche Club","publisher":{"@id":"https:\/\/www.unxpected.fr\/#organization"},"potentialAction":[{"@type":"SearchAction","target":{"@type":"EntryPoint","urlTemplate":"https:\/\/www.unxpected.fr\/?s={search_term_string}"},"query-input":{"@type":"PropertyValueSpecification","valueRequired":true,"valueName":"search_term_string"}}],"inLanguage":"en-US"},{"@type":"Organization","@id":"https:\/\/www.unxpected.fr\/#organization","name":"UNXPECTED","url":"https:\/\/www.unxpected.fr\/","logo":{"@type":"ImageObject","inLanguage":"en-US","@id":"https:\/\/www.unxpected.fr\/#\/schema\/logo\/image\/","url":"https:\/\/www.unxpected.fr\/wp-content\/uploads\/2023\/07\/cropped-Logo_unxpected_circle_WB.png","contentUrl":"https:\/\/www.unxpected.fr\/wp-content\/uploads\/2023\/07\/cropped-Logo_unxpected_circle_WB.png","width":512,"height":512,"caption":"UNXPECTED"},"image":{"@id":"https:\/\/www.unxpected.fr\/#\/schema\/logo\/image\/"}}]}},"_links":{"self":[{"href":"https:\/\/www.unxpected.fr\/en\/wp-json\/wp\/v2\/pages\/297","targetHints":{"allow":["GET"]}}],"collection":[{"href":"https:\/\/www.unxpected.fr\/en\/wp-json\/wp\/v2\/pages"}],"about":[{"href":"https:\/\/www.unxpected.fr\/en\/wp-json\/wp\/v2\/types\/page"}],"author":[{"embeddable":true,"href":"https:\/\/www.unxpected.fr\/en\/wp-json\/wp\/v2\/users\/1"}],"replies":[{"embeddable":true,"href":"https:\/\/www.unxpected.fr\/en\/wp-json\/wp\/v2\/comments?post=297"}],"version-history":[{"count":43,"href":"https:\/\/www.unxpected.fr\/en\/wp-json\/wp\/v2\/pages\/297\/revisions"}],"predecessor-version":[{"id":2091,"href":"https:\/\/www.unxpected.fr\/en\/wp-json\/wp\/v2\/pages\/297\/revisions\/2091"}],"wp:attachment":[{"href":"https:\/\/www.unxpected.fr\/en\/wp-json\/wp\/v2\/media?parent=297"}],"curies":[{"name":"wp","href":"https:\/\/api.w.org\/{rel}","templated":true}]}}