{"id":1005,"date":"2022-12-06T18:40:31","date_gmt":"2022-12-06T17:40:31","guid":{"rendered":"https:\/\/www.unxpected.fr\/?page_id=1005"},"modified":"2023-08-17T11:33:49","modified_gmt":"2023-08-17T09:33:49","slug":"contact","status":"publish","type":"page","link":"https:\/\/www.unxpected.fr\/en\/contact\/","title":{"rendered":"Contact"},"content":{"rendered":"\t\t<div data-elementor-type=\"wp-page\" data-elementor-id=\"1005\" class=\"elementor elementor-1005\" data-elementor-post-type=\"page\">\n\t\t\t\t<section class=\"elementor-element elementor-element-7fa33ac e-flex e-con-boxed e-con e-parent\" data-id=\"7fa33ac\" data-element_type=\"container\" data-e-type=\"container\">\n\t\t\t\t\t<div class=\"e-con-inner\">\n\t\t<div class=\"elementor-element elementor-element-6d1462b e-flex e-con-boxed e-con e-parent\" data-id=\"6d1462b\" data-element_type=\"container\" data-e-type=\"container\">\n\t\t\t\t\t<div class=\"e-con-inner\">\n\t\t\t\t<div class=\"elementor-element elementor-element-7dcd60d elementor-widget elementor-widget-heading\" data-id=\"7dcd60d\" data-element_type=\"widget\" data-e-type=\"widget\" data-widget_type=\"heading.default\">\n\t\t\t\t<div class=\"elementor-widget-container\">\n\t\t\t\t\t<h1 class=\"elementor-heading-title elementor-size-default\">Contact<\/h1>\t\t\t\t<\/div>\n\t\t\t\t<\/div>\n\t\t\t\t<div class=\"elementor-element elementor-element-3474b18 elementor-widget elementor-widget-text-editor\" data-id=\"3474b18\" data-element_type=\"widget\" data-e-type=\"widget\" data-widget_type=\"text-editor.default\">\n\t\t\t\t<div class=\"elementor-widget-container\">\n\t\t\t\t\t\t\t\t\t<p>Nous vous recommandons de nous contacter directement par t\u00e9l\u00e9phone ou sur les r\u00e9seaux sociaux mais vous pouvez \u00e9galement utiliser le formulaire pour poser une question ou demander un service.<\/p>\t\t\t\t\t\t\t\t<\/div>\n\t\t\t\t<\/div>\n\t\t\t\t\t<\/div>\n\t\t\t\t<\/div>\n\t\t\t\t\t<\/div>\n\t\t\t\t<\/section>\n\t\t<section class=\"elementor-element elementor-element-bb68bc0 e-flex e-con-boxed e-con e-parent\" data-id=\"bb68bc0\" data-element_type=\"container\" data-e-type=\"container\">\n\t\t\t\t\t<div class=\"e-con-inner\">\n\t\t<div class=\"elementor-element elementor-element-fa19c35 e-flex e-con-boxed e-con e-parent\" data-id=\"fa19c35\" data-element_type=\"container\" data-e-type=\"container\">\n\t\t\t\t\t<div class=\"e-con-inner\">\n\t\t<div class=\"elementor-element elementor-element-17414b9 e-flex e-con-boxed e-con e-parent\" data-id=\"17414b9\" data-element_type=\"container\" data-e-type=\"container\">\n\t\t\t\t\t<div class=\"e-con-inner\">\n\t\t<div class=\"elementor-element elementor-element-0885451 e-con-full e-flex e-con e-parent\" data-id=\"0885451\" data-element_type=\"container\" data-e-type=\"container\">\n\t\t\t\t<div class=\"elementor-element elementor-element-173157b elementor-widget elementor-widget-heading\" data-id=\"173157b\" data-element_type=\"widget\" data-e-type=\"widget\" data-widget_type=\"heading.default\">\n\t\t\t\t<div class=\"elementor-widget-container\">\n\t\t\t\t\t<p class=\"elementor-heading-title elementor-size-default\">UNXPECTED \u00e0 votre \u00e9coute<\/p>\t\t\t\t<\/div>\n\t\t\t\t<\/div>\n\t\t\t\t<div class=\"elementor-element elementor-element-a1a926a elementor-widget elementor-widget-text-editor\" data-id=\"a1a926a\" data-element_type=\"widget\" data-e-type=\"widget\" data-widget_type=\"text-editor.default\">\n\t\t\t\t<div class=\"elementor-widget-container\">\n\t\t\t\t\t\t\t\t\t<p>Pour toute demande concernant votre inscription, le fonctionnement du Club ou les partenaires, UNXPECTED est \u00e0 votre \u00e9coute :\u00a0<\/p>\t\t\t\t\t\t\t\t<\/div>\n\t\t\t\t<\/div>\n\t\t\t\t<div class=\"elementor-element elementor-element-a7714f4 elementor-icon-list--layout-traditional elementor-list-item-link-full_width elementor-widget elementor-widget-icon-list\" data-id=\"a7714f4\" data-element_type=\"widget\" data-e-type=\"widget\" data-widget_type=\"icon-list.default\">\n\t\t\t\t<div class=\"elementor-widget-container\">\n\t\t\t\t\t\t\t<ul class=\"elementor-icon-list-items\">\n\t\t\t\t\t\t\t<li class=\"elementor-icon-list-item\">\n\t\t\t\t\t\t\t\t\t\t\t<a href=\"mailto:contact@unxpected.fr\">\n\n\t\t\t\t\t\t\t\t\t\t\t\t<span class=\"elementor-icon-list-icon\">\n\t\t\t\t\t\t\t<svg aria-hidden=\"true\" class=\"e-font-icon-svg e-fas-angle-right\" viewBox=\"0 0 256 512\" xmlns=\"http:\/\/www.w3.org\/2000\/svg\"><path d=\"M224.3 273l-136 136c-9.4 9.4-24.6 9.4-33.9 0l-22.6-22.6c-9.4-9.4-9.4-24.6 0-33.9l96.4-96.4-96.4-96.4c-9.4-9.4-9.4-24.6 0-33.9L54.3 103c9.4-9.4 24.6-9.4 33.9 0l136 136c9.5 9.4 9.5 24.6.1 34z\"><\/path><\/svg>\t\t\t\t\t\t<\/span>\n\t\t\t\t\t\t\t\t\t\t<span class=\"elementor-icon-list-text\">Email: contact@unxpected.fr<\/span>\n\t\t\t\t\t\t\t\t\t\t\t<\/a>\n\t\t\t\t\t\t\t\t\t<\/li>\n\t\t\t\t\t\t\t\t<li class=\"elementor-icon-list-item\">\n\t\t\t\t\t\t\t\t\t\t\t<a href=\"tel:+33123456789\">\n\n\t\t\t\t\t\t\t\t\t\t\t\t<span class=\"elementor-icon-list-icon\">\n\t\t\t\t\t\t\t<svg aria-hidden=\"true\" class=\"e-font-icon-svg e-fas-angle-right\" viewBox=\"0 0 256 512\" xmlns=\"http:\/\/www.w3.org\/2000\/svg\"><path d=\"M224.3 273l-136 136c-9.4 9.4-24.6 9.4-33.9 0l-22.6-22.6c-9.4-9.4-9.4-24.6 0-33.9l96.4-96.4-96.4-96.4c-9.4-9.4-9.4-24.6 0-33.9L54.3 103c9.4-9.4 24.6-9.4 33.9 0l136 136c9.5 9.4 9.5 24.6.1 34z\"><\/path><\/svg>\t\t\t\t\t\t<\/span>\n\t\t\t\t\t\t\t\t\t\t<span class=\"elementor-icon-list-text\">Tel: +33 623 08 70 80<\/span>\n\t\t\t\t\t\t\t\t\t\t\t<\/a>\n\t\t\t\t\t\t\t\t\t<\/li>\n\t\t\t\t\t\t<\/ul>\n\t\t\t\t\t\t<\/div>\n\t\t\t\t<\/div>\n\t\t\t\t<div class=\"elementor-element elementor-element-359a8fd elementor-widget elementor-widget-text-editor\" data-id=\"359a8fd\" data-element_type=\"widget\" data-e-type=\"widget\" data-widget_type=\"text-editor.default\">\n\t\t\t\t<div class=\"elementor-widget-container\">\n\t\t\t\t\t\t\t\t\t<p>Nous r\u00e9pondons \u00e0 toutes vos questions :<\/p><p>&#8211; Lundi de 9h \u00e0 18h<br \/>&#8211; Mardi de 9h \u00e0 18h<br \/>&#8211; Mercredi de 9h \u00e0 18h<br \/>&#8211; Jeudi de 9h \u00e0 18h<br \/>&#8211; Vendredi de 9h \u00e0 18h<br \/>&#8211; Samedi de 9h \u00e0 12h<\/p>\t\t\t\t\t\t\t\t<\/div>\n\t\t\t\t<\/div>\n\t\t\t\t<\/div>\n\t\t<div class=\"elementor-element elementor-element-850af43 e-con-full e-flex e-con e-parent\" data-id=\"850af43\" data-element_type=\"container\" data-e-type=\"container\">\n\t\t\t\t<div class=\"elementor-element elementor-element-768a0b5 elementor-widget elementor-widget-heading\" data-id=\"768a0b5\" data-element_type=\"widget\" data-e-type=\"widget\" data-widget_type=\"heading.default\">\n\t\t\t\t<div class=\"elementor-widget-container\">\n\t\t\t\t\t<p class=\"elementor-heading-title elementor-size-default\">Vous pr\u00e9f\u00e9rez \u00eatre rappel\u00e9:<\/p>\t\t\t\t<\/div>\n\t\t\t\t<\/div>\n\t\t\t\t<div class=\"elementor-element elementor-element-9f6b1d3 elementor-button-align-stretch elementor-widget elementor-widget-form\" data-id=\"9f6b1d3\" data-element_type=\"widget\" data-e-type=\"widget\" data-settings=\"{&quot;step_next_label&quot;:&quot;Next&quot;,&quot;step_previous_label&quot;:&quot;Previous&quot;,&quot;button_width&quot;:&quot;100&quot;,&quot;step_type&quot;:&quot;number_text&quot;,&quot;step_icon_shape&quot;:&quot;circle&quot;}\" data-widget_type=\"form.default\">\n\t\t\t\t<div class=\"elementor-widget-container\">\n\t\t\t\t\t\t\t<form class=\"elementor-form\" method=\"post\" name=\"Formulaire page contact\" aria-label=\"Formulaire page contact\">\n\t\t\t<input type=\"hidden\" name=\"post_id\" value=\"1005\"\/>\n\t\t\t<input type=\"hidden\" name=\"form_id\" value=\"9f6b1d3\"\/>\n\t\t\t<input type=\"hidden\" name=\"referer_title\" value=\"Contact - UNXPECTED\" \/>\n\n\t\t\t\t\t\t\t<input type=\"hidden\" name=\"queried_id\" value=\"1005\"\/>\n\t\t\t\n\t\t\t<div class=\"elementor-form-fields-wrapper elementor-labels-above\">\n\t\t\t\t\t\t\t\t<div class=\"elementor-field-type-text elementor-field-group elementor-column elementor-field-group-firstname elementor-col-50 elementor-field-required elementor-mark-required\">\n\t\t\t\t\t\t\t\t\t\t\t\t<label for=\"form-field-firstname\" class=\"elementor-field-label\">\n\t\t\t\t\t\t\t\tPr\u00e9nom\t\t\t\t\t\t\t<\/label>\n\t\t\t\t\t\t\t\t\t\t\t\t\t\t<input size=\"1\" type=\"text\" name=\"form_fields[firstname]\" id=\"form-field-firstname\" class=\"elementor-field elementor-size-sm  elementor-field-textual\" required=\"required\">\n\t\t\t\t\t\t\t\t\t\t\t<\/div>\n\t\t\t\t\t\t\t\t<div class=\"elementor-field-type-text elementor-field-group elementor-column elementor-field-group-lastname elementor-col-50 elementor-field-required elementor-mark-required\">\n\t\t\t\t\t\t\t\t\t\t\t\t<label for=\"form-field-lastname\" class=\"elementor-field-label\">\n\t\t\t\t\t\t\t\tNom\t\t\t\t\t\t\t<\/label>\n\t\t\t\t\t\t\t\t\t\t\t\t\t\t<input size=\"1\" type=\"text\" name=\"form_fields[lastname]\" id=\"form-field-lastname\" class=\"elementor-field elementor-size-sm  elementor-field-textual\" required=\"required\">\n\t\t\t\t\t\t\t\t\t\t\t<\/div>\n\t\t\t\t\t\t\t\t<div class=\"elementor-field-type-select elementor-field-group elementor-column elementor-field-group-field_c314d08 elementor-col-100\">\n\t\t\t\t\t\t\t\t\t\t\t\t<label for=\"form-field-field_c314d08\" class=\"elementor-field-label\">\n\t\t\t\t\t\t\t\t\u00cates-vous propri\u00e9taire d'une Porsche ?\t\t\t\t\t\t\t<\/label>\n\t\t\t\t\t\t\t\t<div class=\"elementor-field elementor-select-wrapper remove-before \">\n\t\t\t<div class=\"select-caret-down-wrapper\">\n\t\t\t\t<svg aria-hidden=\"true\" class=\"e-font-icon-svg e-eicon-caret-down\" viewBox=\"0 0 571.4 571.4\" xmlns=\"http:\/\/www.w3.org\/2000\/svg\"><path d=\"M571 393Q571 407 561 418L311 668Q300 679 286 679T261 668L11 418Q0 407 0 393T11 368 36 357H536Q550 357 561 368T571 393Z\"><\/path><\/svg>\t\t\t<\/div>\n\t\t\t<select name=\"form_fields[field_c314d08]\" id=\"form-field-field_c314d08\" class=\"elementor-field-textual elementor-size-sm\">\n\t\t\t\t\t\t\t\t\t<option value=\"Non\" selected=\"selected\">Non<\/option>\n\t\t\t\t\t\t\t\t\t<option value=\"- S\u00e9lectionner un mod\u00e8le\">- S\u00e9lectionner un mod\u00e8le<\/option>\n\t\t\t\t\t\t\t\t\t<option value=\"Porsche 356 (1948 - 1965)\">Porsche 356 (1948 - 1965)<\/option>\n\t\t\t\t\t\t\t\t\t<option value=\"Porsche 550 (1953 - 1956)\">Porsche 550 (1953 - 1956)<\/option>\n\t\t\t\t\t\t\t\t\t<option value=\"Porsche 911 2,0 l (911 ann\u00e9e-mod\u00e8le 1963)\">Porsche 911 2,0 l (911 ann\u00e9e-mod\u00e8le 1963)<\/option>\n\t\t\t\t\t\t\t\t\t<option value=\"Porsche 911 2,2 l (911 ann\u00e9e-mod\u00e8le 1970)\">Porsche 911 2,2 l (911 ann\u00e9e-mod\u00e8le 1970)<\/option>\n\t\t\t\t\t\t\t\t\t<option value=\"Porsche 911 2,4 l (911 ann\u00e9e-mod\u00e8le 1972)\">Porsche 911 2,4 l (911 ann\u00e9e-mod\u00e8le 1972)<\/option>\n\t\t\t\t\t\t\t\t\t<option value=\"Porsche 911 2,7 l (911 ann\u00e9e-mod\u00e8le 1974)\">Porsche 911 2,7 l (911 ann\u00e9e-mod\u00e8le 1974)<\/option>\n\t\t\t\t\t\t\t\t\t<option value=\"Porsche 911 Carrera RS\">Porsche 911 Carrera RS<\/option>\n\t\t\t\t\t\t\t\t\t<option value=\"Porsche 911 carrera 2,7 l (911 ann\u00e9e-mod\u00e8le 1975)\">Porsche 911 carrera 2,7 l (911 ann\u00e9e-mod\u00e8le 1975)<\/option>\n\t\t\t\t\t\t\t\t\t<option value=\"Porsche 930 (911 Turbo)\">Porsche 930 (911 Turbo)<\/option>\n\t\t\t\t\t\t\t\t\t<option value=\"Porsche 911 Carrera 3,0 l (911 ann\u00e9e-mod\u00e8le 1976)\">Porsche 911 Carrera 3,0 l (911 ann\u00e9e-mod\u00e8le 1976)<\/option>\n\t\t\t\t\t\t\t\t\t<option value=\"Porsche 911 SC (911 ann\u00e9e-mod\u00e8le 1978)\">Porsche 911 SC (911 ann\u00e9e-mod\u00e8le 1978)<\/option>\n\t\t\t\t\t\t\t\t\t<option value=\"Porsche Carrera 3,2 l (911 ann\u00e9e-mod\u00e8le 1984)\">Porsche Carrera 3,2 l (911 ann\u00e9e-mod\u00e8le 1984)<\/option>\n\t\t\t\t\t\t\t\t\t<option value=\"Porsche 911 Carrera (type 964) (911 ann\u00e9e-mod\u00e8le 1989)\">Porsche 911 Carrera (type 964) (911 ann\u00e9e-mod\u00e8le 1989)<\/option>\n\t\t\t\t\t\t\t\t\t<option value=\"Porsche 911 (type 993) (911 ann\u00e9e-mod\u00e8le 1994)\">Porsche 911 (type 993) (911 ann\u00e9e-mod\u00e8le 1994)<\/option>\n\t\t\t\t\t\t\t\t\t<option value=\"Porsche 911 (type 996) (911 ann\u00e9e-mod\u00e8le 1998)\">Porsche 911 (type 996) (911 ann\u00e9e-mod\u00e8le 1998)<\/option>\n\t\t\t\t\t\t\t\t\t<option value=\"Porsche 911 (type 997) (911 ann\u00e9e-mod\u00e8le 2005)\">Porsche 911 (type 997) (911 ann\u00e9e-mod\u00e8le 2005)<\/option>\n\t\t\t\t\t\t\t\t\t<option value=\"Porsche 911 (type 991) (911 ann\u00e9e-mod\u00e8le 2011)\">Porsche 911 (type 991) (911 ann\u00e9e-mod\u00e8le 2011)<\/option>\n\t\t\t\t\t\t\t\t\t<option value=\"Porsche 911 (type 992) (911 ann\u00e9e-mod\u00e8le 2018)\">Porsche 911 (type 992) (911 ann\u00e9e-mod\u00e8le 2018)<\/option>\n\t\t\t\t\t\t\t\t\t<option value=\"Porsche 904 (1964 - 1965)\">Porsche 904 (1964 - 1965)<\/option>\n\t\t\t\t\t\t\t\t\t<option value=\"Porsche 912 (1965 - 1969, et 1976)\">Porsche 912 (1965 - 1969, et 1976)<\/option>\n\t\t\t\t\t\t\t\t\t<option value=\"Porsche 914 (1969 - 1976)\">Porsche 914 (1969 - 1976)<\/option>\n\t\t\t\t\t\t\t\t\t<option value=\"Porsche 924 (1976 - 1988)\">Porsche 924 (1976 - 1988)<\/option>\n\t\t\t\t\t\t\t\t\t<option value=\"Porsche 924 Carrera GT\">Porsche 924 Carrera GT<\/option>\n\t\t\t\t\t\t\t\t\t<option value=\"Porsche 928 (1978 - 1995)\">Porsche 928 (1978 - 1995)<\/option>\n\t\t\t\t\t\t\t\t\t<option value=\"Porsche 931 (924 Turbo)\">Porsche 931 (924 Turbo)<\/option>\n\t\t\t\t\t\t\t\t\t<option value=\"Porsche 944 (1981 - 1991)\">Porsche 944 (1981 - 1991)<\/option>\n\t\t\t\t\t\t\t\t\t<option value=\"Porsche 951 (944 Turbo)\">Porsche 951 (944 Turbo)<\/option>\n\t\t\t\t\t\t\t\t\t<option value=\"Porsche 959 (1985 - 1989)\">Porsche 959 (1985 - 1989)<\/option>\n\t\t\t\t\t\t\t\t\t<option value=\"Porsche 968 (1991 - 1995)\">Porsche 968 (1991 - 1995)<\/option>\n\t\t\t\t\t\t\t\t\t<option value=\"Porsche Boxster (type 986) (1996 - 2004)\">Porsche Boxster (type 986) (1996 - 2004)<\/option>\n\t\t\t\t\t\t\t\t\t<option value=\"Porsche Boxster (type 987) (2005 - 2013)\">Porsche Boxster (type 987) (2005 - 2013)<\/option>\n\t\t\t\t\t\t\t\t\t<option value=\"Porsche Boxster (type 981) (2012 - 2016)\">Porsche Boxster (type 981) (2012 - 2016)<\/option>\n\t\t\t\t\t\t\t\t\t<option value=\"Porsche Boxster (type 718) (2016 - )\">Porsche Boxster (type 718) (2016 - )<\/option>\n\t\t\t\t\t\t\t\t\t<option value=\"Porsche Carrera GT (2003 - 2006)\">Porsche Carrera GT (2003 - 2006)<\/option>\n\t\t\t\t\t\t\t\t\t<option value=\"Porsche Cayman 987 phase 1 (2005 - 2009)\">Porsche Cayman 987 phase 1 (2005 - 2009)<\/option>\n\t\t\t\t\t\t\t\t\t<option value=\"Porsche Cayman 987 phase 2 (2009 - 2013)\">Porsche Cayman 987 phase 2 (2009 - 2013)<\/option>\n\t\t\t\t\t\t\t\t\t<option value=\"Porsche Cayman 981 (2013 - 2016)\">Porsche Cayman 981 (2013 - 2016)<\/option>\n\t\t\t\t\t\t\t\t\t<option value=\"Porsche Cayman 718 (2016 - )\">Porsche Cayman 718 (2016 - )<\/option>\n\t\t\t\t\t\t\t\t\t<option value=\"Porsche 918 Spyder (2013 - 2015)\">Porsche 918 Spyder (2013 - 2015)<\/option>\n\t\t\t\t\t\t\t<\/select>\n\t\t<\/div>\n\t\t\t\t\t\t<\/div>\n\t\t\t\t\t\t\t\t<div class=\"elementor-field-type-tel elementor-field-group elementor-column elementor-field-group-phone elementor-col-50\">\n\t\t\t\t\t\t\t\t\t\t\t\t<label for=\"form-field-phone\" class=\"elementor-field-label\">\n\t\t\t\t\t\t\t\tT\u00e9l\u00e9phone\t\t\t\t\t\t\t<\/label>\n\t\t\t\t\t\t\t\t<input size=\"1\" type=\"tel\" name=\"form_fields[phone]\" id=\"form-field-phone\" class=\"elementor-field elementor-size-sm  elementor-field-textual\" pattern=\"[0-9()#&amp;+*-=.]+\" title=\"Seuls les caract\u00e8res de num\u00e9ros de t\u00e9l\u00e9phone (#, -, *, etc.) sont accept\u00e9s.\">\n\n\t\t\t\t\t\t<\/div>\n\t\t\t\t\t\t\t\t<div class=\"elementor-field-type-email elementor-field-group elementor-column elementor-field-group-email elementor-col-50 elementor-field-required elementor-mark-required\">\n\t\t\t\t\t\t\t\t\t\t\t\t<label for=\"form-field-email\" class=\"elementor-field-label\">\n\t\t\t\t\t\t\t\tEmail\t\t\t\t\t\t\t<\/label>\n\t\t\t\t\t\t\t\t\t\t\t\t\t\t<input size=\"1\" type=\"email\" name=\"form_fields[email]\" id=\"form-field-email\" class=\"elementor-field elementor-size-sm  elementor-field-textual\" required=\"required\">\n\t\t\t\t\t\t\t\t\t\t\t<\/div>\n\t\t\t\t\t\t\t\t<div class=\"elementor-field-type-textarea elementor-field-group elementor-column elementor-field-group-message elementor-col-100 elementor-field-required elementor-mark-required\">\n\t\t\t\t\t\t\t\t\t\t\t\t<label for=\"form-field-message\" class=\"elementor-field-label\">\n\t\t\t\t\t\t\t\tMessage\t\t\t\t\t\t\t<\/label>\n\t\t\t\t\t\t<textarea class=\"elementor-field-textual elementor-field  elementor-size-sm\" name=\"form_fields[message]\" id=\"form-field-message\" rows=\"4\" required=\"required\"><\/textarea>\t\t\t\t<\/div>\n\t\t\t\t\t\t\t\t<div class=\"elementor-field-type-recaptcha_v3 elementor-field-group elementor-column elementor-field-group-field_d6c914d elementor-col-100 recaptcha_v3-bottomright\">\n\t\t\t\t\t<div class=\"elementor-field\" id=\"form-field-field_d6c914d\"><div class=\"elementor-g-recaptcha\" data-sitekey=\"6Lf0cXsjAAAAACrT329RYvfrTxc8JA5EaX11_5FE\" data-type=\"v3\" data-action=\"Form\" data-badge=\"bottomright\" data-size=\"invisible\"><\/div><\/div>\t\t\t\t<\/div>\n\t\t\t\t\t\t\t\t<div class=\"elementor-field-group elementor-column elementor-field-type-submit elementor-col-100 e-form__buttons\">\n\t\t\t\t\t<button class=\"elementor-button elementor-size-sm\" type=\"submit\">\n\t\t\t\t\t\t<span class=\"elementor-button-content-wrapper\">\n\t\t\t\t\t\t\t\t\t\t\t\t\t\t\t\t\t\t\t\t\t\t<span class=\"elementor-button-text\">Envoyer<\/span>\n\t\t\t\t\t\t\t\t\t\t\t\t\t<\/span>\n\t\t\t\t\t<\/button>\n\t\t\t\t<\/div>\n\t\t\t<\/div>\n\t\t<\/form>\n\t\t\t\t\t\t<\/div>\n\t\t\t\t<\/div>\n\t\t\t\t<\/div>\n\t\t\t\t\t<\/div>\n\t\t\t\t<\/div>\n\t\t\t\t\t<\/div>\n\t\t\t\t<\/div>\n\t\t\t\t\t<\/div>\n\t\t\t\t<\/section>\n\t\t\t\t<\/div>\n\t\t","protected":false},"excerpt":{"rendered":"<p>Contact Nous vous recommandons de nous contacter directement par t\u00e9l\u00e9phone ou sur les r\u00e9seaux sociaux mais vous pouvez \u00e9galement utiliser le formulaire pour poser une question ou demander un service. UNXPECTED \u00e0 votre \u00e9coute Pour toute demande concernant votre inscription, le fonctionnement du Club ou les partenaires, UNXPECTED est \u00e0 votre \u00e9coute :\u00a0 Email: contact@unxpected.fr [&hellip;]<\/p>\n","protected":false},"author":2,"featured_media":0,"parent":0,"menu_order":0,"comment_status":"closed","ping_status":"closed","template":"","meta":{"_acf_changed":false,"footnotes":""},"class_list":["post-1005","page","type-page","status-publish","hentry"],"acf":[],"yoast_head":"<!-- This site is optimized with the Yoast SEO plugin v27.1.1 - https:\/\/yoast.com\/product\/yoast-seo-wordpress\/ -->\n<title>Contact - UNXPECTED<\/title>\n<meta name=\"robots\" content=\"index, follow, max-snippet:-1, max-image-preview:large, max-video-preview:-1\" \/>\n<link rel=\"canonical\" href=\"https:\/\/www.unxpected.fr\/en\/contact\/\" \/>\n<meta property=\"og:locale\" content=\"en_US\" \/>\n<meta property=\"og:type\" content=\"article\" \/>\n<meta property=\"og:title\" content=\"Contact - UNXPECTED\" \/>\n<meta property=\"og:description\" content=\"Contact Nous vous recommandons de nous contacter directement par t\u00e9l\u00e9phone ou sur les r\u00e9seaux sociaux mais vous pouvez \u00e9galement utiliser le formulaire pour poser une question ou demander un service. UNXPECTED \u00e0 votre \u00e9coute Pour toute demande concernant votre inscription, le fonctionnement du Club ou les partenaires, UNXPECTED est \u00e0 votre \u00e9coute :\u00a0 Email: contact@unxpected.fr [&hellip;]\" \/>\n<meta property=\"og:url\" content=\"https:\/\/www.unxpected.fr\/en\/contact\/\" \/>\n<meta property=\"og:site_name\" content=\"UNXPECTED\" \/>\n<meta property=\"article:modified_time\" content=\"2023-08-17T09:33:49+00:00\" \/>\n<meta property=\"og:image\" content=\"https:\/\/www.unxpected.fr\/wp-content\/uploads\/2022\/12\/Logo_unxpected_rectangle_BW.png\" \/>\n\t<meta property=\"og:image:width\" content=\"1842\" \/>\n\t<meta property=\"og:image:height\" content=\"860\" \/>\n\t<meta property=\"og:image:type\" content=\"image\/png\" \/>\n<meta name=\"twitter:card\" content=\"summary_large_image\" \/>\n<meta name=\"twitter:label1\" content=\"Est. reading time\" \/>\n\t<meta name=\"twitter:data1\" content=\"2 minutes\" \/>\n<script type=\"application\/ld+json\" class=\"yoast-schema-graph\">{\"@context\":\"https:\/\/schema.org\",\"@graph\":[{\"@type\":\"WebPage\",\"@id\":\"https:\/\/www.unxpected.fr\/contact\/\",\"url\":\"https:\/\/www.unxpected.fr\/contact\/\",\"name\":\"Contact - UNXPECTED\",\"isPartOf\":{\"@id\":\"https:\/\/www.unxpected.fr\/#website\"},\"datePublished\":\"2022-12-06T17:40:31+00:00\",\"dateModified\":\"2023-08-17T09:33:49+00:00\",\"breadcrumb\":{\"@id\":\"https:\/\/www.unxpected.fr\/contact\/#breadcrumb\"},\"inLanguage\":\"en-US\",\"potentialAction\":[{\"@type\":\"ReadAction\",\"target\":[\"https:\/\/www.unxpected.fr\/contact\/\"]}]},{\"@type\":\"BreadcrumbList\",\"@id\":\"https:\/\/www.unxpected.fr\/contact\/#breadcrumb\",\"itemListElement\":[{\"@type\":\"ListItem\",\"position\":1,\"name\":\"Private Porsche Club\",\"item\":\"https:\/\/www.unxpected.fr\/\"},{\"@type\":\"ListItem\",\"position\":2,\"name\":\"Contact\"}]},{\"@type\":\"WebSite\",\"@id\":\"https:\/\/www.unxpected.fr\/#website\",\"url\":\"https:\/\/www.unxpected.fr\/\",\"name\":\"UNXPECTED\",\"description\":\"Private Porsche Club\",\"publisher\":{\"@id\":\"https:\/\/www.unxpected.fr\/#organization\"},\"potentialAction\":[{\"@type\":\"SearchAction\",\"target\":{\"@type\":\"EntryPoint\",\"urlTemplate\":\"https:\/\/www.unxpected.fr\/?s={search_term_string}\"},\"query-input\":{\"@type\":\"PropertyValueSpecification\",\"valueRequired\":true,\"valueName\":\"search_term_string\"}}],\"inLanguage\":\"en-US\"},{\"@type\":\"Organization\",\"@id\":\"https:\/\/www.unxpected.fr\/#organization\",\"name\":\"UNXPECTED\",\"url\":\"https:\/\/www.unxpected.fr\/\",\"logo\":{\"@type\":\"ImageObject\",\"inLanguage\":\"en-US\",\"@id\":\"https:\/\/www.unxpected.fr\/#\/schema\/logo\/image\/\",\"url\":\"https:\/\/www.unxpected.fr\/wp-content\/uploads\/2023\/07\/cropped-Logo_unxpected_circle_WB.png\",\"contentUrl\":\"https:\/\/www.unxpected.fr\/wp-content\/uploads\/2023\/07\/cropped-Logo_unxpected_circle_WB.png\",\"width\":512,\"height\":512,\"caption\":\"UNXPECTED\"},\"image\":{\"@id\":\"https:\/\/www.unxpected.fr\/#\/schema\/logo\/image\/\"}}]}<\/script>\n<!-- \/ Yoast SEO plugin. -->","yoast_head_json":{"title":"Contact - UNXPECTED","robots":{"index":"index","follow":"follow","max-snippet":"max-snippet:-1","max-image-preview":"max-image-preview:large","max-video-preview":"max-video-preview:-1"},"canonical":"https:\/\/www.unxpected.fr\/en\/contact\/","og_locale":"en_US","og_type":"article","og_title":"Contact - UNXPECTED","og_description":"Contact Nous vous recommandons de nous contacter directement par t\u00e9l\u00e9phone ou sur les r\u00e9seaux sociaux mais vous pouvez \u00e9galement utiliser le formulaire pour poser une question ou demander un service. UNXPECTED \u00e0 votre \u00e9coute Pour toute demande concernant votre inscription, le fonctionnement du Club ou les partenaires, UNXPECTED est \u00e0 votre \u00e9coute :\u00a0 Email: contact@unxpected.fr [&hellip;]","og_url":"https:\/\/www.unxpected.fr\/en\/contact\/","og_site_name":"UNXPECTED","article_modified_time":"2023-08-17T09:33:49+00:00","og_image":[{"width":1842,"height":860,"url":"https:\/\/www.unxpected.fr\/wp-content\/uploads\/2022\/12\/Logo_unxpected_rectangle_BW.png","type":"image\/png"}],"twitter_card":"summary_large_image","twitter_misc":{"Est. reading time":"2 minutes"},"schema":{"@context":"https:\/\/schema.org","@graph":[{"@type":"WebPage","@id":"https:\/\/www.unxpected.fr\/contact\/","url":"https:\/\/www.unxpected.fr\/contact\/","name":"Contact - UNXPECTED","isPartOf":{"@id":"https:\/\/www.unxpected.fr\/#website"},"datePublished":"2022-12-06T17:40:31+00:00","dateModified":"2023-08-17T09:33:49+00:00","breadcrumb":{"@id":"https:\/\/www.unxpected.fr\/contact\/#breadcrumb"},"inLanguage":"en-US","potentialAction":[{"@type":"ReadAction","target":["https:\/\/www.unxpected.fr\/contact\/"]}]},{"@type":"BreadcrumbList","@id":"https:\/\/www.unxpected.fr\/contact\/#breadcrumb","itemListElement":[{"@type":"ListItem","position":1,"name":"Private Porsche Club","item":"https:\/\/www.unxpected.fr\/"},{"@type":"ListItem","position":2,"name":"Contact"}]},{"@type":"WebSite","@id":"https:\/\/www.unxpected.fr\/#website","url":"https:\/\/www.unxpected.fr\/","name":"UNXPECTED","description":"Private Porsche Club","publisher":{"@id":"https:\/\/www.unxpected.fr\/#organization"},"potentialAction":[{"@type":"SearchAction","target":{"@type":"EntryPoint","urlTemplate":"https:\/\/www.unxpected.fr\/?s={search_term_string}"},"query-input":{"@type":"PropertyValueSpecification","valueRequired":true,"valueName":"search_term_string"}}],"inLanguage":"en-US"},{"@type":"Organization","@id":"https:\/\/www.unxpected.fr\/#organization","name":"UNXPECTED","url":"https:\/\/www.unxpected.fr\/","logo":{"@type":"ImageObject","inLanguage":"en-US","@id":"https:\/\/www.unxpected.fr\/#\/schema\/logo\/image\/","url":"https:\/\/www.unxpected.fr\/wp-content\/uploads\/2023\/07\/cropped-Logo_unxpected_circle_WB.png","contentUrl":"https:\/\/www.unxpected.fr\/wp-content\/uploads\/2023\/07\/cropped-Logo_unxpected_circle_WB.png","width":512,"height":512,"caption":"UNXPECTED"},"image":{"@id":"https:\/\/www.unxpected.fr\/#\/schema\/logo\/image\/"}}]}},"_links":{"self":[{"href":"https:\/\/www.unxpected.fr\/en\/wp-json\/wp\/v2\/pages\/1005","targetHints":{"allow":["GET"]}}],"collection":[{"href":"https:\/\/www.unxpected.fr\/en\/wp-json\/wp\/v2\/pages"}],"about":[{"href":"https:\/\/www.unxpected.fr\/en\/wp-json\/wp\/v2\/types\/page"}],"author":[{"embeddable":true,"href":"https:\/\/www.unxpected.fr\/en\/wp-json\/wp\/v2\/users\/2"}],"replies":[{"embeddable":true,"href":"https:\/\/www.unxpected.fr\/en\/wp-json\/wp\/v2\/comments?post=1005"}],"version-history":[{"count":66,"href":"https:\/\/www.unxpected.fr\/en\/wp-json\/wp\/v2\/pages\/1005\/revisions"}],"predecessor-version":[{"id":3360,"href":"https:\/\/www.unxpected.fr\/en\/wp-json\/wp\/v2\/pages\/1005\/revisions\/3360"}],"wp:attachment":[{"href":"https:\/\/www.unxpected.fr\/en\/wp-json\/wp\/v2\/media?parent=1005"}],"curies":[{"name":"wp","href":"https:\/\/api.w.org\/{rel}","templated":true}]}}